{"id":214422,"date":"2022-12-28T10:23:51","date_gmt":"2022-12-28T09:23:51","guid":{"rendered":"https:\/\/educelec.com\/?page_id=214422"},"modified":"2026-01-09T11:02:43","modified_gmt":"2026-01-09T10:02:43","slug":"mot-cc-inde","status":"publish","type":"page","link":"https:\/\/educelec.com\/en\/mot-cc-inde\/","title":{"rendered":"Moteurs courant continu ind\u00e9pendante"},"content":{"rendered":"<p>[et_pb_section fb_built=\u00a0\u00bb1&Prime; admin_label=\u00a0\u00bbsection\u00a0\u00bb _builder_version=\u00a0\u00bb4.19.1&Prime; custom_margin=\u00a0\u00bb||-120px||false|false\u00a0\u00bb global_colors_info=\u00a0\u00bb{}\u00a0\u00bb][et_pb_row _builder_version=\u00a0\u00bb4.19.1&Prime; _module_preset=\u00a0\u00bbdefault\u00a0\u00bb custom_margin=\u00a0\u00bb-50px||||false|false\u00a0\u00bb hover_enabled=\u00a0\u00bb0&Prime; locked=\u00a0\u00bboff\u00a0\u00bb global_colors_info=\u00a0\u00bb{}\u00a0\u00bb sticky_enabled=\u00a0\u00bb0&Prime;][et_pb_column type=\u00a0\u00bb4_4&Prime; _builder_version=\u00a0\u00bb4.19.1&Prime; _module_preset=\u00a0\u00bbdefault\u00a0\u00bb global_colors_info=\u00a0\u00bb{}\u00a0\u00bb][et_pb_text _builder_version=\u00a0\u00bb4.19.1&Prime; _module_preset=\u00a0\u00bbdefault\u00a0\u00bb custom_margin=\u00a0\u00bb|0px||-30px|false|false\u00a0\u00bb custom_padding=\u00a0\u00bb|||0px|false|false\u00a0\u00bb hover_enabled=\u00a0\u00bb0&Prime; locked=\u00a0\u00bboff\u00a0\u00bb global_colors_info=\u00a0\u00bb{}\u00a0\u00bb sticky_enabled=\u00a0\u00bb0&Prime;]<\/p>\n<p><a href=\"https:\/\/educelec.com\/en\/\"><img loading=\"lazy\" decoding=\"async\" class=\"alignnone wp-image-216559\" src=\"https:\/\/educelec.com\/wp-content\/uploads\/2025\/12\/chap-300x209.png\" alt=\"\" width=\"17\" height=\"12\" \/>Accueil<\/a><a href=\"https:\/\/educelec.com\/en\/\">\u00a0&gt;<\/a> <a href=\"https:\/\/educelec.com\/en\/electrotech\/\">Electrotech <\/a><a href=\"https:\/\/educelec.com\/en\/electrotech\/\">&gt; <\/a><strong>Excitation ind\u00e9pendante<\/strong><\/p>\n<p>[\/et_pb_text][et_pb_text _builder_version=\u00a0\u00bb4.19.1&Prime; _module_preset=\u00a0\u00bbdefault\u00a0\u00bb text_font=\u00a0\u00bbAcme|700|||||||\u00a0\u00bb background_color=\u00a0\u00bb#88C4DD\u00a0\u00bb text_text_shadow_style=\u00a0\u00bbpreset1&Prime; text_text_shadow_blur_strength=\u00a0\u00bb2em\u00a0\u00bb text_text_shadow_color=\u00a0\u00bb#0047E0&Prime; locked=\u00a0\u00bboff\u00a0\u00bb global_colors_info=\u00a0\u00bb{}\u00a0\u00bb text_font_size__hover_enabled=\u00a0\u00bbon|desktop\u00a0\u00bb]<\/p>\n<blockquote>\n<h1 style=\"text-align: center;\"><strong>Exercices corrig\u00e9s<\/strong><\/h1>\n<h3 style=\"text-align: center;\"><strong>MCC \u00e0 excitation ind\u00e9pendante<\/strong><\/h3>\n<\/blockquote>\n<p>[\/et_pb_text][\/et_pb_column][\/et_pb_row][et_pb_row _builder_version=\u00a0\u00bb4.19.1&Prime; _module_preset=\u00a0\u00bbdefault\u00a0\u00bb global_colors_info=\u00a0\u00bb{}\u00a0\u00bb][et_pb_column type=\u00a0\u00bb4_4&Prime; _builder_version=\u00a0\u00bb4.19.1&Prime; _module_preset=\u00a0\u00bbdefault\u00a0\u00bb global_colors_info=\u00a0\u00bb{}\u00a0\u00bb][et_pb_text _builder_version=\u00a0\u00bb4.19.1&Prime; _module_preset=\u00a0\u00bbdefault\u00a0\u00bb background_color=\u00a0\u00bb#38D7FF\u00a0\u00bb min_height=\u00a0\u00bb40px\u00a0\u00bb height=\u00a0\u00bb40px\u00a0\u00bb custom_padding=\u00a0\u00bb7px|||18px|false|false\u00a0\u00bb border_width_all=\u00a0\u00bb2px\u00a0\u00bb global_colors_info=\u00a0\u00bb{}\u00a0\u00bb]<\/p>\n<ul>\n<li>\n<h3><strong>Exercice N\u00b0 1<\/strong><\/h3>\n<\/li>\n<\/ul>\n<p>[\/et_pb_text][\/et_pb_column][\/et_pb_row][et_pb_row _builder_version=\u00a0\u00bb4.19.1&Prime; _module_preset=\u00a0\u00bbdefault\u00a0\u00bb custom_margin=\u00a0\u00bb-25px||||false|false\u00a0\u00bb global_colors_info=\u00a0\u00bb{}\u00a0\u00bb][et_pb_column type=\u00a0\u00bb4_4&Prime; _builder_version=\u00a0\u00bb4.19.1&Prime; _module_preset=\u00a0\u00bbdefault\u00a0\u00bb global_colors_info=\u00a0\u00bb{}\u00a0\u00bb][et_pb_text _builder_version=\u00a0\u00bb4.19.1&Prime; _module_preset=\u00a0\u00bbdefault\u00a0\u00bb custom_padding=\u00a0\u00bb0px|||||\u00a0\u00bb global_colors_info=\u00a0\u00bb{}\u00a0\u00bb]<\/p>\n<h4>Pour un moteur \u00e0 excitation ind\u00e9pendante on dispose des indications suivantes :<\/h4>\n<h4>&#8211; inducteur :\u00a0\u00a0\u00a0\u00a0\u00a0\u00a0\u00a0 r\u00e9sistance r = 150 W\u00a0\u00a0 tension nominale d&rsquo;alimentation u = 120 V ;<\/h4>\n<h4>&#8211; induit : \u00a0 r\u00e9sistance R = 0,5 W\u00a0 tension nominale d&rsquo;alimentation U = 220 V.<\/h4>\n<h4>Les essais sont r\u00e9alis\u00e9s sous les tensions nominales respectives de l&rsquo;induit et de l&rsquo;inducteur.<\/h4>\n<h4>Un essai en charge a donn\u00e9, pour l&rsquo;induit tournant \u00e0 la fr\u00e9quence de rotation de 1450 tr.min<sup> \u2013 1<\/sup>, une intensit\u00e9 du courant de 18 A.<\/h4>\n<h4>Un essai \u00e0 vide a donn\u00e9, pour l\u2019induit puissance de 320 W et un courant de 1,2 A.<\/h4>\n<h4>1. la puissance \u00e9lectromagn\u00e9tique P<sub>em<\/sub> ;<\/h4>\n<h4>2. les pertes par effet Joule statorique p<sub> js<\/sub> et rotorique p<sub> jr<\/sub> ;<\/h4>\n<h4>3.les pertes \u00ab\u00a0constantes\u00a0\u00bb p<sub> c<\/sub> ;<\/h4>\n<h4>6.la puissance utile P<sub> u<\/sub> ;<\/h4>\n<h4>5. le moment du couple utile T<sub> u<\/sub> ;<\/h4>\n<h4>6. le rendement du moteur h.<\/h4>\n<p>[\/et_pb_text][\/et_pb_column][\/et_pb_row][et_pb_row _builder_version=\u00a0\u00bb4.19.1&Prime; _module_preset=\u00a0\u00bbdefault\u00a0\u00bb custom_margin=\u00a0\u00bb||12px||false|false\u00a0\u00bb custom_padding=\u00a0\u00bb0px||||false|false\u00a0\u00bb global_colors_info=\u00a0\u00bb{}\u00a0\u00bb][et_pb_column type=\u00a0\u00bb4_4&Prime; _builder_version=\u00a0\u00bb4.19.1&Prime; _module_preset=\u00a0\u00bbdefault\u00a0\u00bb global_colors_info=\u00a0\u00bb{}\u00a0\u00bb][et_pb_toggle title=\u00a0\u00bbToucher pour afficher la solution\u00a0\u00bb _builder_version=\u00a0\u00bb4.19.1&Prime; _module_preset=\u00a0\u00bbdefault\u00a0\u00bb title_font_size=\u00a0\u00bb13px\u00a0\u00bb custom_margin=\u00a0\u00bb-30px||-25px||false|false\u00a0\u00bb locked=\u00a0\u00bboff\u00a0\u00bb global_colors_info=\u00a0\u00bb{}\u00a0\u00bb]<\/p>\n<p><a href=\"https:\/\/educelec.com\/wp-content\/uploads\/2022\/12\/ex1-1-indep.png\"><img loading=\"lazy\" decoding=\"async\" class=\"wp-image-214437 alignnone size-medium\" src=\"https:\/\/educelec.com\/wp-content\/uploads\/2022\/12\/ex1-1-indep-300x177.png\" alt=\"\" width=\"300\" height=\"177\" \/><\/a><\/p>\n<p>[\/et_pb_toggle][\/et_pb_column][\/et_pb_row][\/et_pb_section][et_pb_section fb_built=\u00a0\u00bb1&Prime; _builder_version=\u00a0\u00bb4.19.1&Prime; _module_preset=\u00a0\u00bbdefault\u00a0\u00bb custom_margin=\u00a0\u00bb||100px||false|false\u00a0\u00bb locked=\u00a0\u00bboff\u00a0\u00bb global_colors_info=\u00a0\u00bb{}\u00a0\u00bb][et_pb_row _builder_version=\u00a0\u00bb4.19.1&Prime; _module_preset=\u00a0\u00bbdefault\u00a0\u00bb locked=\u00a0\u00bboff\u00a0\u00bb global_colors_info=\u00a0\u00bb{}\u00a0\u00bb][et_pb_column type=\u00a0\u00bb4_4&Prime; _builder_version=\u00a0\u00bb4.19.1&Prime; _module_preset=\u00a0\u00bbdefault\u00a0\u00bb global_colors_info=\u00a0\u00bb{}\u00a0\u00bb][et_pb_text _builder_version=\u00a0\u00bb4.19.1&Prime; _module_preset=\u00a0\u00bbdefault\u00a0\u00bb background_color=\u00a0\u00bb#38D7FF\u00a0\u00bb min_height=\u00a0\u00bb40px\u00a0\u00bb height=\u00a0\u00bb40px\u00a0\u00bb custom_padding=\u00a0\u00bb7px|||18px|false|false\u00a0\u00bb border_width_all=\u00a0\u00bb2px\u00a0\u00bb global_colors_info=\u00a0\u00bb{}\u00a0\u00bb]<\/p>\n<ul>\n<li>\n<h3><strong>Exercice N\u00b0 2<\/strong><\/h3>\n<\/li>\n<\/ul>\n<p>[\/et_pb_text][\/et_pb_column][\/et_pb_row][et_pb_row _builder_version=\u00a0\u00bb4.19.1&Prime; _module_preset=\u00a0\u00bbdefault\u00a0\u00bb custom_margin=\u00a0\u00bb-25px||||false|false\u00a0\u00bb locked=\u00a0\u00bboff\u00a0\u00bb global_colors_info=\u00a0\u00bb{}\u00a0\u00bb][et_pb_column type=\u00a0\u00bb4_4&Prime; _builder_version=\u00a0\u00bb4.19.1&Prime; _module_preset=\u00a0\u00bbdefault\u00a0\u00bb global_colors_info=\u00a0\u00bb{}\u00a0\u00bb][et_pb_text _builder_version=\u00a0\u00bb4.19.1&Prime; _module_preset=\u00a0\u00bbdefault\u00a0\u00bb global_colors_info=\u00a0\u00bb{}\u00a0\u00bb]<\/p>\n<h4>\u00a0Une machine d&rsquo;extraction d&rsquo;un puits de mine est entra\u00een\u00e9e par un moteur \u00e0 courant continu \u00e0 \u00a0\u00a0\u00a0 excitation ind\u00e9pendante. Les valeurs nominales du moteur sont : U<sub> n<\/sub> = 600 V ; I<sub> n<\/sub> = 1 500 A et n<sub> n<\/sub> = 30 tr.min<sup> \u2013 1<\/sup>.<\/h4>\n<h4>\u00a0\u00a0\u00a0 L&rsquo;induit de r\u00e9sistance R = 0,012 W est aliment\u00e9 par un groupe convertisseur fournissant une tension variable de z\u00e9ro \u00e0 la tension nominale.<\/h4>\n<h4>\u00a0\u00a0\u00a0 L&rsquo;inducteur est aliment\u00e9 sous une tension de 600 V et un courant de 30 A.<\/h4>\n<h4>\u00a0\u00a0\u00a0 Les pertes du moteur autres que les pertes par effet Joule sont consid\u00e9r\u00e9es comme constantes et \u00e9gales \u00e0 p<sub>c<\/sub> = 27 kW.<\/h4>\n<h4>\u00a0\u00a0\u00a0 La machine d&rsquo;extraction est con\u00e7ue de telle mani\u00e8re que, pour une charge d\u00e9termin\u00e9e, l&rsquo;effort de traction \u00a0\u00a0\u00a0 reste constant quel que soit le niveau atteint par la cage qui contient cette charge.<\/h4>\n<h4>\u00a0\u00a0\u00a0 1- Au d\u00e9marrage, quelle tension doit-on appliquer \u00e0 l&rsquo;induit pour que l&rsquo;intensit\u00e9 du courant dans le circuit \u00a0\u00a0\u00a0 soit \u00e9gale \u00e0 1,2 I<sub> n<\/sub> ?<\/h4>\n<h4>\u00a0\u00a0\u00a0 2- On envisage le fonctionnement nominal au cours d&rsquo;une remont\u00e9e en charge. Calculer :<\/h4>\n<h4>\u00a0\u00a0\u00a0\u00a0\u00a0\u00a0 2.1- la puissance totale absorb\u00e9e ;<\/h4>\n<h4>\u00a0\u00a0\u00a0\u00a0\u00a0\u00a0\u00a0 2.2- la puissance totale perdue par effet Joule ;<\/h4>\n<h4>\u00a0\u00a0\u00a0\u00a0\u00a0\u00a0\u00a0 2.3- la puissance utile ;<\/h4>\n<h4>\u00a0\u00a0\u00a0\u00a0\u00a0\u00a0\u00a0 2.4- le rendement ;<\/h4>\n<h4>\u00a0\u00a0\u00a0\u00a0\u00a0\u00a0 2.5- le moment du couple utile\u00a0 moment du couple \u00e9lectromagn\u00e9tique<\/h4>\n<p>[\/et_pb_text][\/et_pb_column][\/et_pb_row][et_pb_row _builder_version=\u00a0\u00bb4.19.1&Prime; _module_preset=\u00a0\u00bbdefault\u00a0\u00bb custom_margin=\u00a0\u00bb||12px||false|false\u00a0\u00bb custom_padding=\u00a0\u00bb0px||||false|false\u00a0\u00bb locked=\u00a0\u00bboff\u00a0\u00bb global_colors_info=\u00a0\u00bb{}\u00a0\u00bb][et_pb_column type=\u00a0\u00bb4_4&Prime; _builder_version=\u00a0\u00bb4.19.1&Prime; _module_preset=\u00a0\u00bbdefault\u00a0\u00bb global_colors_info=\u00a0\u00bb{}\u00a0\u00bb][et_pb_toggle title=\u00a0\u00bbToucher pour afficher la solution\u00a0\u00bb _builder_version=\u00a0\u00bb4.19.1&Prime; _module_preset=\u00a0\u00bbdefault\u00a0\u00bb title_font_size=\u00a0\u00bb13px\u00a0\u00bb custom_margin=\u00a0\u00bb-30px||-25px||false|false\u00a0\u00bb locked=\u00a0\u00bboff\u00a0\u00bb global_colors_info=\u00a0\u00bb{}\u00a0\u00bb]<\/p>\n<p><a href=\"https:\/\/educelec.com\/wp-content\/uploads\/2022\/12\/ex2-1-indep.png\"><img loading=\"lazy\" decoding=\"async\" class=\"wp-image-214445 alignnone size-medium\" src=\"https:\/\/educelec.com\/wp-content\/uploads\/2022\/12\/ex2-1-indep-300x171.png\" alt=\"\" width=\"300\" height=\"171\" \/><\/a><\/p>\n<p>[\/et_pb_toggle][\/et_pb_column][\/et_pb_row][\/et_pb_section]<\/p>","protected":false},"excerpt":{"rendered":"<p>Accueil\u00a0&gt; Electrotech &gt; Excitation ind\u00e9pendanteExercices corrig\u00e9s MCC \u00e0 excitation ind\u00e9pendante Exercice N\u00b0 1 Pour un moteur \u00e0 excitation ind\u00e9pendante on dispose des indications suivantes : &#8211; inducteur :\u00a0\u00a0\u00a0\u00a0\u00a0\u00a0\u00a0 r\u00e9sistance r = 150 W\u00a0\u00a0 tension nominale d&rsquo;alimentation u = 120 V ; &#8211; induit : \u00a0 r\u00e9sistance R = 0,5 W\u00a0 tension nominale d&rsquo;alimentation U = [&hellip;]<\/p>","protected":false},"author":1,"featured_media":0,"parent":0,"menu_order":0,"comment_status":"closed","ping_status":"closed","template":"","meta":{"_et_pb_use_builder":"on","_et_pb_old_content":"","_et_gb_content_width":"","om_disable_all_campaigns":false,"_uf_show_specific_survey":0,"_uf_disable_surveys":false,"footnotes":""},"class_list":["post-214422","page","type-page","status-publish","hentry"],"aioseo_notices":[],"yoast_head":"<!-- This site is optimized with the Yoast SEO plugin v26.6 - https:\/\/yoast.com\/wordpress\/plugins\/seo\/ -->\n<title>Moteurs courant continu ind\u00e9pendante - Exercices et Solutions en Electricit\u00e9, Electronique, Electrotechnique et Automatisme industrielle<\/title>\n<meta name=\"robots\" content=\"index, follow, max-snippet:-1, max-image-preview:large, max-video-preview:-1\" \/>\n<link rel=\"canonical\" href=\"https:\/\/educelec.com\/en\/mot-cc-inde\/\" \/>\n<meta property=\"og:locale\" content=\"en_US\" \/>\n<meta property=\"og:type\" content=\"article\" \/>\n<meta property=\"og:title\" content=\"Moteurs courant continu ind\u00e9pendante - Exercices et Solutions en Electricit\u00e9, Electronique, Electrotechnique et Automatisme industrielle\" \/>\n<meta property=\"og:description\" content=\"Accueil\u00a0&gt; Electrotech &gt; Excitation ind\u00e9pendanteExercices corrig\u00e9s MCC \u00e0 excitation ind\u00e9pendante Exercice N\u00b0 1 Pour un moteur \u00e0 excitation ind\u00e9pendante on dispose des indications suivantes : - inducteur :\u00a0\u00a0\u00a0\u00a0\u00a0\u00a0\u00a0 r\u00e9sistance r = 150 W\u00a0\u00a0 tension nominale d&#039;alimentation u = 120 V ; - induit : \u00a0 r\u00e9sistance R = 0,5 W\u00a0 tension nominale d&#039;alimentation U = [&hellip;]\" \/>\n<meta property=\"og:url\" content=\"https:\/\/educelec.com\/en\/mot-cc-inde\/\" \/>\n<meta property=\"og:site_name\" content=\"Exercices et Solutions en Electricit\u00e9, Electronique, Electrotechnique et Automatisme industrielle\" \/>\n<meta property=\"article:modified_time\" content=\"2026-01-09T10:02:43+00:00\" \/>\n<meta property=\"og:image\" content=\"https:\/\/educelec.com\/wp-content\/uploads\/2025\/12\/chap-e1766263997563.png\" \/>\n\t<meta property=\"og:image:width\" content=\"288\" \/>\n\t<meta property=\"og:image:height\" content=\"200\" \/>\n\t<meta property=\"og:image:type\" content=\"image\/png\" \/>\n<meta name=\"twitter:label1\" content=\"Est. reading time\" \/>\n\t<meta name=\"twitter:data1\" content=\"3 minutes\" \/>\n<script type=\"application\/ld+json\" class=\"yoast-schema-graph\">{\"@context\":\"https:\/\/schema.org\",\"@graph\":[{\"@type\":\"WebPage\",\"@id\":\"https:\/\/educelec.com\/mot-cc-inde\/\",\"url\":\"https:\/\/educelec.com\/mot-cc-inde\/\",\"name\":\"Moteurs courant continu ind\u00e9pendante - Exercices et Solutions en Electricit\u00e9, Electronique, Electrotechnique et Automatisme industrielle\",\"isPartOf\":{\"@id\":\"https:\/\/educelec.com\/#website\"},\"primaryImageOfPage\":{\"@id\":\"https:\/\/educelec.com\/mot-cc-inde\/#primaryimage\"},\"image\":{\"@id\":\"https:\/\/educelec.com\/mot-cc-inde\/#primaryimage\"},\"thumbnailUrl\":\"https:\/\/educelec.com\/wp-content\/uploads\/2025\/12\/chap-300x209.png\",\"datePublished\":\"2022-12-28T09:23:51+00:00\",\"dateModified\":\"2026-01-09T10:02:43+00:00\",\"inLanguage\":\"en-US\",\"potentialAction\":[{\"@type\":\"ReadAction\",\"target\":[\"https:\/\/educelec.com\/mot-cc-inde\/\"]}]},{\"@type\":\"ImageObject\",\"inLanguage\":\"en-US\",\"@id\":\"https:\/\/educelec.com\/mot-cc-inde\/#primaryimage\",\"url\":\"https:\/\/educelec.com\/wp-content\/uploads\/2025\/12\/chap-300x209.png\",\"contentUrl\":\"https:\/\/educelec.com\/wp-content\/uploads\/2025\/12\/chap-300x209.png\"},{\"@type\":\"WebSite\",\"@id\":\"https:\/\/educelec.com\/#website\",\"url\":\"https:\/\/educelec.com\/\",\"name\":\"Exercices et Solutions en Electricit\u00e9, Electronique, Electrotechnique et Automatisme industrielle\",\"description\":\"WordPress\",\"potentialAction\":[{\"@type\":\"SearchAction\",\"target\":{\"@type\":\"EntryPoint\",\"urlTemplate\":\"https:\/\/educelec.com\/?s={search_term_string}\"},\"query-input\":{\"@type\":\"PropertyValueSpecification\",\"valueRequired\":true,\"valueName\":\"search_term_string\"}}],\"inLanguage\":\"en-US\"}]}<\/script>\n<!-- \/ Yoast SEO plugin. -->","yoast_head_json":{"title":"Moteurs courant continu ind\u00e9pendante - Exercices et Solutions en Electricit\u00e9, Electronique, Electrotechnique et Automatisme industrielle","robots":{"index":"index","follow":"follow","max-snippet":"max-snippet:-1","max-image-preview":"max-image-preview:large","max-video-preview":"max-video-preview:-1"},"canonical":"https:\/\/educelec.com\/en\/mot-cc-inde\/","og_locale":"en_US","og_type":"article","og_title":"Moteurs courant continu ind\u00e9pendante - Exercices et Solutions en Electricit\u00e9, Electronique, Electrotechnique et Automatisme industrielle","og_description":"Accueil\u00a0&gt; Electrotech &gt; Excitation ind\u00e9pendanteExercices corrig\u00e9s MCC \u00e0 excitation ind\u00e9pendante Exercice N\u00b0 1 Pour un moteur \u00e0 excitation ind\u00e9pendante on dispose des indications suivantes : - inducteur :\u00a0\u00a0\u00a0\u00a0\u00a0\u00a0\u00a0 r\u00e9sistance r = 150 W\u00a0\u00a0 tension nominale d'alimentation u = 120 V ; - induit : \u00a0 r\u00e9sistance R = 0,5 W\u00a0 tension nominale d'alimentation U = [&hellip;]","og_url":"https:\/\/educelec.com\/en\/mot-cc-inde\/","og_site_name":"Exercices et Solutions en Electricit\u00e9, Electronique, Electrotechnique et Automatisme industrielle","article_modified_time":"2026-01-09T10:02:43+00:00","og_image":[{"width":288,"height":200,"url":"https:\/\/educelec.com\/wp-content\/uploads\/2025\/12\/chap-e1766263997563.png","type":"image\/png"}],"twitter_misc":{"Est. reading time":"3 minutes"},"schema":{"@context":"https:\/\/schema.org","@graph":[{"@type":"WebPage","@id":"https:\/\/educelec.com\/mot-cc-inde\/","url":"https:\/\/educelec.com\/mot-cc-inde\/","name":"Moteurs courant continu ind\u00e9pendante - Exercices et Solutions en Electricit\u00e9, Electronique, Electrotechnique et Automatisme industrielle","isPartOf":{"@id":"https:\/\/educelec.com\/#website"},"primaryImageOfPage":{"@id":"https:\/\/educelec.com\/mot-cc-inde\/#primaryimage"},"image":{"@id":"https:\/\/educelec.com\/mot-cc-inde\/#primaryimage"},"thumbnailUrl":"https:\/\/educelec.com\/wp-content\/uploads\/2025\/12\/chap-300x209.png","datePublished":"2022-12-28T09:23:51+00:00","dateModified":"2026-01-09T10:02:43+00:00","inLanguage":"en-US","potentialAction":[{"@type":"ReadAction","target":["https:\/\/educelec.com\/mot-cc-inde\/"]}]},{"@type":"ImageObject","inLanguage":"en-US","@id":"https:\/\/educelec.com\/mot-cc-inde\/#primaryimage","url":"https:\/\/educelec.com\/wp-content\/uploads\/2025\/12\/chap-300x209.png","contentUrl":"https:\/\/educelec.com\/wp-content\/uploads\/2025\/12\/chap-300x209.png"},{"@type":"WebSite","@id":"https:\/\/educelec.com\/#website","url":"https:\/\/educelec.com\/","name":"Exercices et Solutions en Electricit\u00e9, Electronique, Electrotechnique et Automatisme industrielle","description":"WordPress","potentialAction":[{"@type":"SearchAction","target":{"@type":"EntryPoint","urlTemplate":"https:\/\/educelec.com\/?s={search_term_string}"},"query-input":{"@type":"PropertyValueSpecification","valueRequired":true,"valueName":"search_term_string"}}],"inLanguage":"en-US"}]}},"_links":{"self":[{"href":"https:\/\/educelec.com\/en\/wp-json\/wp\/v2\/pages\/214422","targetHints":{"allow":["GET"]}}],"collection":[{"href":"https:\/\/educelec.com\/en\/wp-json\/wp\/v2\/pages"}],"about":[{"href":"https:\/\/educelec.com\/en\/wp-json\/wp\/v2\/types\/page"}],"author":[{"embeddable":true,"href":"https:\/\/educelec.com\/en\/wp-json\/wp\/v2\/users\/1"}],"replies":[{"embeddable":true,"href":"https:\/\/educelec.com\/en\/wp-json\/wp\/v2\/comments?post=214422"}],"version-history":[{"count":19,"href":"https:\/\/educelec.com\/en\/wp-json\/wp\/v2\/pages\/214422\/revisions"}],"predecessor-version":[{"id":217464,"href":"https:\/\/educelec.com\/en\/wp-json\/wp\/v2\/pages\/214422\/revisions\/217464"}],"wp:attachment":[{"href":"https:\/\/educelec.com\/en\/wp-json\/wp\/v2\/media?parent=214422"}],"curies":[{"name":"wp","href":"https:\/\/api.w.org\/{rel}","templated":true}]}}