{"id":214648,"date":"2023-01-12T11:24:52","date_gmt":"2023-01-12T10:24:52","guid":{"rendered":"https:\/\/educelec.com\/?page_id=214648"},"modified":"2025-12-26T11:40:59","modified_gmt":"2025-12-26T10:40:59","slug":"signal-sinus","status":"publish","type":"page","link":"https:\/\/educelec.com\/en\/signal-sinus\/","title":{"rendered":"Signal sinuso\u00efdal"},"content":{"rendered":"<p>[et_pb_section fb_built=\u00a0\u00bb1&Prime; admin_label=\u00a0\u00bbsection\u00a0\u00bb _builder_version=\u00a0\u00bb4.16&Prime; global_colors_info=\u00a0\u00bb{}\u00a0\u00bb][et_pb_row _builder_version=\u00a0\u00bb4.19.1&Prime; _module_preset=\u00a0\u00bbdefault\u00a0\u00bb custom_margin=\u00a0\u00bb-50px||||false|false\u00a0\u00bb locked=\u00a0\u00bboff\u00a0\u00bb global_colors_info=\u00a0\u00bb{}\u00a0\u00bb][et_pb_column type=\u00a0\u00bb4_4&Prime; _builder_version=\u00a0\u00bb4.19.1&Prime; _module_preset=\u00a0\u00bbdefault\u00a0\u00bb global_colors_info=\u00a0\u00bb{}\u00a0\u00bb][et_pb_text _builder_version=\u00a0\u00bb4.19.1&Prime; _module_preset=\u00a0\u00bbdefault\u00a0\u00bb custom_margin=\u00a0\u00bb|||-30px|false|false\u00a0\u00bb hover_enabled=\u00a0\u00bb0&Prime; global_colors_info=\u00a0\u00bb{}\u00a0\u00bb sticky_enabled=\u00a0\u00bb0&Prime;]<\/p>\n<p><a href=\"https:\/\/educelec.com\/en\/\"><img loading=\"lazy\" decoding=\"async\" class=\"alignnone wp-image-216559\" src=\"https:\/\/educelec.com\/wp-content\/uploads\/2025\/12\/chap-300x209.png\" alt=\"\" width=\"17\" height=\"12\" \/><\/a><a href=\"https:\/\/educelec.com\/en\/\">Home &gt;<\/a> <a href=\"https:\/\/educelec.com\/en\/electricite\/\">Electricit\u00e9 &gt;<\/a> <strong>Signal sinuso\u00efdal<\/strong><\/p>\n<p>[\/et_pb_text][et_pb_text _builder_version=\u00a0\u00bb4.19.1&Prime; _module_preset=\u00a0\u00bbdefault\u00a0\u00bb text_font=\u00a0\u00bbAcme|700|||||||\u00a0\u00bb background_color=\u00a0\u00bb#88C4DD\u00a0\u00bb hover_enabled=\u00a0\u00bb0&Prime; text_text_shadow_style=\u00a0\u00bbpreset1&Prime; text_text_shadow_blur_strength=\u00a0\u00bb2em\u00a0\u00bb text_text_shadow_color=\u00a0\u00bb#0047E0&Prime; locked=\u00a0\u00bboff\u00a0\u00bb global_colors_info=\u00a0\u00bb{}\u00a0\u00bb text_font_size__hover_enabled=\u00a0\u00bbon|desktop\u00a0\u00bb sticky_enabled=\u00a0\u00bb0&Prime;]<\/p>\n<blockquote>\n<h1 style=\"text-align: center;\"><strong>Exercices corrig\u00e9s<\/strong><\/h1>\n<h3 style=\"text-align: center;\"><strong>Signal sinuso\u00efdal<\/strong><\/h3>\n<\/blockquote>\n<p>[\/et_pb_text][\/et_pb_column][\/et_pb_row][et_pb_row _builder_version=\u00a0\u00bb4.19.1&Prime; _module_preset=\u00a0\u00bbdefault\u00a0\u00bb global_colors_info=\u00a0\u00bb{}\u00a0\u00bb][et_pb_column type=\u00a0\u00bb4_4&Prime; _builder_version=\u00a0\u00bb4.19.1&Prime; _module_preset=\u00a0\u00bbdefault\u00a0\u00bb global_colors_info=\u00a0\u00bb{}\u00a0\u00bb][et_pb_text _builder_version=\u00a0\u00bb4.19.1&Prime; _module_preset=\u00a0\u00bbdefault\u00a0\u00bb background_color=\u00a0\u00bb#38D7FF\u00a0\u00bb min_height=\u00a0\u00bb40px\u00a0\u00bb height=\u00a0\u00bb40px\u00a0\u00bb custom_padding=\u00a0\u00bb7px|||18px|false|false\u00a0\u00bb border_width_all=\u00a0\u00bb2px\u00a0\u00bb global_colors_info=\u00a0\u00bb{}\u00a0\u00bb]<\/p>\n<ul>\n<li>\n<h3><strong>Exercice N\u00b0 1<\/strong><\/h3>\n<\/li>\n<\/ul>\n<p>[\/et_pb_text][\/et_pb_column][\/et_pb_row][et_pb_row _builder_version=\u00a0\u00bb4.19.1&Prime; _module_preset=\u00a0\u00bbdefault\u00a0\u00bb global_colors_info=\u00a0\u00bb{}\u00a0\u00bb][et_pb_column type=\u00a0\u00bb4_4&Prime; _builder_version=\u00a0\u00bb4.19.1&Prime; _module_preset=\u00a0\u00bbdefault\u00a0\u00bb global_colors_info=\u00a0\u00bb{}\u00a0\u00bb][et_pb_text _builder_version=\u00a0\u00bb4.19.1&Prime; _module_preset=\u00a0\u00bbdefault\u00a0\u00bb global_colors_info=\u00a0\u00bb{}\u00a0\u00bb]<\/p>\n<h4>Soit le graphe suivant:<\/h4>\n<h4><a href=\"https:\/\/educelec.com\/wp-content\/uploads\/2023\/01\/exo1-signal-sinus.png\"><img loading=\"lazy\" decoding=\"async\" class=\"wp-image-214655 alignnone size-full\" src=\"https:\/\/educelec.com\/wp-content\/uploads\/2023\/01\/exo1-signal-sinus.png\" alt=\"\" width=\"401\" height=\"309\" srcset=\"https:\/\/educelec.com\/wp-content\/uploads\/2023\/01\/exo1-signal-sinus.png 401w, https:\/\/educelec.com\/wp-content\/uploads\/2023\/01\/exo1-signal-sinus-300x231.png 300w\" sizes=\"auto, (max-width: 401px) 100vw, 401px\" \/><\/a><\/h4>\n<h4>1. Identifier pour chaque courant les alternances positives et n\u00e9gatives.<\/h4>\n<h4>2. Identifier l\u2019amplitude de chaque courant.<\/h4>\n<h4>3. Identifier la p\u00e9riode des deux courants.<\/h4>\n<h4>4. Calculer la fr\u00e9quence des deux courants.<\/h4>\n<h4>5. Calculer la valeur efficace de chaque courant.<\/h4>\n<h4>6. Indiquer le d\u00e9phasage entre les deux courants.<\/h4>\n<h4>6. Repr\u00e9senter un courant alternatif sinuso\u00efdal i<sub>3<\/sub> de m\u00eame fr\u00e9quence d\u00e9phas\u00e9 d\u2019un quart de p\u00e9riode an avant par rapport au courant i<sub>1<\/sub>, et d\u2019amplitude I<sub>3<\/sub> max = 4 A .<\/h4>\n<p>[\/et_pb_text][\/et_pb_column][\/et_pb_row][et_pb_row _builder_version=\u00a0\u00bb4.19.1&Prime; _module_preset=\u00a0\u00bbdefault\u00a0\u00bb global_colors_info=\u00a0\u00bb{}\u00a0\u00bb][et_pb_column type=\u00a0\u00bb4_4&Prime; _builder_version=\u00a0\u00bb4.19.1&Prime; _module_preset=\u00a0\u00bbdefault\u00a0\u00bb global_colors_info=\u00a0\u00bb{}\u00a0\u00bb][et_pb_toggle title=\u00a0\u00bbToucher pour afficher la solution\u00a0\u00bb _builder_version=\u00a0\u00bb4.19.1&Prime; _module_preset=\u00a0\u00bbdefault\u00a0\u00bb title_font_size=\u00a0\u00bb13px\u00a0\u00bb locked=\u00a0\u00bboff\u00a0\u00bb global_colors_info=\u00a0\u00bb{}\u00a0\u00bb]<a href=\"https:\/\/educelec.com\/wp-content\/uploads\/2022\/12\/arri.png\"><img loading=\"lazy\" decoding=\"async\" class=\"wp-image-214149 alignnone size-medium\" src=\"https:\/\/educelec.com\/wp-content\/uploads\/2022\/12\/arri-300x211.png\" alt=\"\" width=\"300\" height=\"211\" \/><\/a><\/p>\n<p>&nbsp;<br \/>\n[\/et_pb_toggle][\/et_pb_column][\/et_pb_row][\/et_pb_section][et_pb_section fb_built=\u00a0\u00bb1&Prime; admin_label=\u00a0\u00bbsection\u00a0\u00bb _builder_version=\u00a0\u00bb4.19.1&Prime; custom_margin=\u00a0\u00bb-100px||||false|false\u00a0\u00bb locked=\u00a0\u00bboff\u00a0\u00bb global_colors_info=\u00a0\u00bb{}\u00a0\u00bb][et_pb_row _builder_version=\u00a0\u00bb4.19.1&Prime; _module_preset=\u00a0\u00bbdefault\u00a0\u00bb locked=\u00a0\u00bboff\u00a0\u00bb global_colors_info=\u00a0\u00bb{}\u00a0\u00bb][et_pb_column type=\u00a0\u00bb4_4&Prime; _builder_version=\u00a0\u00bb4.19.1&Prime; _module_preset=\u00a0\u00bbdefault\u00a0\u00bb global_colors_info=\u00a0\u00bb{}\u00a0\u00bb][et_pb_text _builder_version=\u00a0\u00bb4.19.1&Prime; _module_preset=\u00a0\u00bbdefault\u00a0\u00bb background_color=\u00a0\u00bb#38D7FF\u00a0\u00bb min_height=\u00a0\u00bb40px\u00a0\u00bb height=\u00a0\u00bb40px\u00a0\u00bb custom_padding=\u00a0\u00bb7px|||18px|false|false\u00a0\u00bb border_width_all=\u00a0\u00bb2px\u00a0\u00bb global_colors_info=\u00a0\u00bb{}\u00a0\u00bb]<\/p>\n<ul>\n<li>\n<h3><strong>Exercice N\u00b0 2<\/strong><\/h3>\n<\/li>\n<\/ul>\n<p>[\/et_pb_text][\/et_pb_column][\/et_pb_row][et_pb_row _builder_version=\u00a0\u00bb4.19.1&Prime; _module_preset=\u00a0\u00bbdefault\u00a0\u00bb locked=\u00a0\u00bboff\u00a0\u00bb global_colors_info=\u00a0\u00bb{}\u00a0\u00bb][et_pb_column type=\u00a0\u00bb4_4&Prime; _builder_version=\u00a0\u00bb4.19.1&Prime; _module_preset=\u00a0\u00bbdefault\u00a0\u00bb global_colors_info=\u00a0\u00bb{}\u00a0\u00bb][et_pb_text _builder_version=\u00a0\u00bb4.19.1&Prime; _module_preset=\u00a0\u00bbdefault\u00a0\u00bb global_colors_info=\u00a0\u00bb{}\u00a0\u00bb]<\/p>\n<h4>Soit la figure suivante:<\/h4>\n<p><a href=\"https:\/\/educelec.com\/wp-content\/uploads\/2023\/01\/exo2-signal-sinus.png\"><img loading=\"lazy\" decoding=\"async\" class=\"wp-image-214656 alignnone size-full\" src=\"https:\/\/educelec.com\/wp-content\/uploads\/2023\/01\/exo2-signal-sinus.png\" alt=\"\" width=\"401\" height=\"281\" srcset=\"https:\/\/educelec.com\/wp-content\/uploads\/2023\/01\/exo2-signal-sinus.png 401w, https:\/\/educelec.com\/wp-content\/uploads\/2023\/01\/exo2-signal-sinus-300x210.png 300w\" sizes=\"auto, (max-width: 401px) 100vw, 401px\" \/><\/a><\/p>\n<h4>Repr\u00e9senter sur la m\u00eame figure un courant alternatif sinuso\u00efdal i<sub>4<\/sub> de m\u00eame fr\u00e9quence, d\u00e9phas\u00e9 d\u2019un quart de p\u00e9riode derri\u00e8re le courant i<sub>1<\/sub> et dont l\u2019amplitude I<sub>4<\/sub> max = 8 A .<\/h4>\n<p>[\/et_pb_text][\/et_pb_column][\/et_pb_row][et_pb_row _builder_version=\u00a0\u00bb4.19.1&Prime; _module_preset=\u00a0\u00bbdefault\u00a0\u00bb locked=\u00a0\u00bboff\u00a0\u00bb global_colors_info=\u00a0\u00bb{}\u00a0\u00bb][et_pb_column type=\u00a0\u00bb4_4&Prime; _builder_version=\u00a0\u00bb4.19.1&Prime; _module_preset=\u00a0\u00bbdefault\u00a0\u00bb global_colors_info=\u00a0\u00bb{}\u00a0\u00bb][et_pb_toggle title=\u00a0\u00bbToucher pour afficher la solution\u00a0\u00bb _builder_version=\u00a0\u00bb4.19.1&Prime; _module_preset=\u00a0\u00bbdefault\u00a0\u00bb title_font_size=\u00a0\u00bb13px\u00a0\u00bb global_colors_info=\u00a0\u00bb{}\u00a0\u00bb]&nbsp;<\/p>\n<p><a href=\"https:\/\/educelec.com\/wp-content\/uploads\/2022\/12\/arri.png\"><img loading=\"lazy\" decoding=\"async\" class=\"wp-image-214149 alignnone size-medium\" src=\"https:\/\/educelec.com\/wp-content\/uploads\/2022\/12\/arri-300x211.png\" alt=\"\" width=\"300\" height=\"211\" \/><\/a><\/p>\n<p>kjsnoangownsrgqaknqreqlknrhl\u00f6wekflkj<br \/>\n[\/et_pb_toggle][\/et_pb_column][\/et_pb_row][\/et_pb_section]<\/p>","protected":false},"excerpt":{"rendered":"<p>Home &gt; Electricit\u00e9 &gt; Signal sinuso\u00efdalExercices corrig\u00e9s Signal sinuso\u00efdal Exercice N\u00b0 1 Soit le graphe suivant: 1. Identifier pour chaque courant les alternances positives et n\u00e9gatives. 2. Identifier l\u2019amplitude de chaque courant. 3. Identifier la p\u00e9riode des deux courants. 4. Calculer la fr\u00e9quence des deux courants. 5. Calculer la valeur efficace de chaque courant. 6. [&hellip;]<\/p>","protected":false},"author":1,"featured_media":0,"parent":0,"menu_order":0,"comment_status":"closed","ping_status":"closed","template":"","meta":{"_et_pb_use_builder":"on","_et_pb_old_content":"","_et_gb_content_width":"","om_disable_all_campaigns":false,"_uf_show_specific_survey":0,"_uf_disable_surveys":false,"footnotes":""},"class_list":["post-214648","page","type-page","status-publish","hentry"],"aioseo_notices":[],"yoast_head":"<!-- This site is optimized with the Yoast SEO plugin v26.6 - https:\/\/yoast.com\/wordpress\/plugins\/seo\/ -->\n<title>Signal sinuso\u00efdal - Exercices et Solutions en Electricit\u00e9, Electronique, Electrotechnique et Automatisme industrielle<\/title>\n<meta name=\"robots\" content=\"index, follow, max-snippet:-1, max-image-preview:large, max-video-preview:-1\" \/>\n<link rel=\"canonical\" href=\"https:\/\/educelec.com\/en\/signal-sinus\/\" \/>\n<meta property=\"og:locale\" content=\"en_US\" \/>\n<meta property=\"og:type\" content=\"article\" \/>\n<meta property=\"og:title\" content=\"Signal sinuso\u00efdal - Exercices et Solutions en Electricit\u00e9, Electronique, Electrotechnique et Automatisme industrielle\" \/>\n<meta property=\"og:description\" content=\"Home &gt; Electricit\u00e9 &gt; Signal sinuso\u00efdalExercices corrig\u00e9s Signal sinuso\u00efdal Exercice N\u00b0 1 Soit le graphe suivant: 1. Identifier pour chaque courant les alternances positives et n\u00e9gatives. 2. Identifier l\u2019amplitude de chaque courant. 3. Identifier la p\u00e9riode des deux courants. 4. Calculer la fr\u00e9quence des deux courants. 5. Calculer la valeur efficace de chaque courant. 6. [&hellip;]\" \/>\n<meta property=\"og:url\" content=\"https:\/\/educelec.com\/en\/signal-sinus\/\" \/>\n<meta property=\"og:site_name\" content=\"Exercices et Solutions en Electricit\u00e9, Electronique, Electrotechnique et Automatisme industrielle\" \/>\n<meta property=\"article:modified_time\" content=\"2025-12-26T10:40:59+00:00\" \/>\n<meta property=\"og:image\" content=\"https:\/\/educelec.com\/wp-content\/uploads\/2025\/12\/chap-e1766263997563.png\" \/>\n\t<meta property=\"og:image:width\" content=\"288\" \/>\n\t<meta property=\"og:image:height\" content=\"200\" \/>\n\t<meta property=\"og:image:type\" content=\"image\/png\" \/>\n<meta name=\"twitter:label1\" content=\"Est. reading time\" \/>\n\t<meta name=\"twitter:data1\" content=\"3 minutes\" \/>\n<script type=\"application\/ld+json\" class=\"yoast-schema-graph\">{\"@context\":\"https:\/\/schema.org\",\"@graph\":[{\"@type\":\"WebPage\",\"@id\":\"https:\/\/educelec.com\/signal-sinus\/\",\"url\":\"https:\/\/educelec.com\/signal-sinus\/\",\"name\":\"Signal sinuso\u00efdal - Exercices et Solutions en Electricit\u00e9, Electronique, Electrotechnique et Automatisme industrielle\",\"isPartOf\":{\"@id\":\"https:\/\/educelec.com\/#website\"},\"primaryImageOfPage\":{\"@id\":\"https:\/\/educelec.com\/signal-sinus\/#primaryimage\"},\"image\":{\"@id\":\"https:\/\/educelec.com\/signal-sinus\/#primaryimage\"},\"thumbnailUrl\":\"https:\/\/educelec.com\/wp-content\/uploads\/2025\/12\/chap-300x209.png\",\"datePublished\":\"2023-01-12T10:24:52+00:00\",\"dateModified\":\"2025-12-26T10:40:59+00:00\",\"inLanguage\":\"en-US\",\"potentialAction\":[{\"@type\":\"ReadAction\",\"target\":[\"https:\/\/educelec.com\/signal-sinus\/\"]}]},{\"@type\":\"ImageObject\",\"inLanguage\":\"en-US\",\"@id\":\"https:\/\/educelec.com\/signal-sinus\/#primaryimage\",\"url\":\"https:\/\/educelec.com\/wp-content\/uploads\/2025\/12\/chap-300x209.png\",\"contentUrl\":\"https:\/\/educelec.com\/wp-content\/uploads\/2025\/12\/chap-300x209.png\"},{\"@type\":\"WebSite\",\"@id\":\"https:\/\/educelec.com\/#website\",\"url\":\"https:\/\/educelec.com\/\",\"name\":\"Exercices et Solutions en Electricit\u00e9, Electronique, Electrotechnique et Automatisme industrielle\",\"description\":\"WordPress\",\"potentialAction\":[{\"@type\":\"SearchAction\",\"target\":{\"@type\":\"EntryPoint\",\"urlTemplate\":\"https:\/\/educelec.com\/?s={search_term_string}\"},\"query-input\":{\"@type\":\"PropertyValueSpecification\",\"valueRequired\":true,\"valueName\":\"search_term_string\"}}],\"inLanguage\":\"en-US\"}]}<\/script>\n<!-- \/ Yoast SEO plugin. -->","yoast_head_json":{"title":"Signal sinuso\u00efdal - Exercices et Solutions en Electricit\u00e9, Electronique, Electrotechnique et Automatisme industrielle","robots":{"index":"index","follow":"follow","max-snippet":"max-snippet:-1","max-image-preview":"max-image-preview:large","max-video-preview":"max-video-preview:-1"},"canonical":"https:\/\/educelec.com\/en\/signal-sinus\/","og_locale":"en_US","og_type":"article","og_title":"Signal sinuso\u00efdal - Exercices et Solutions en Electricit\u00e9, Electronique, Electrotechnique et Automatisme industrielle","og_description":"Home &gt; Electricit\u00e9 &gt; Signal sinuso\u00efdalExercices corrig\u00e9s Signal sinuso\u00efdal Exercice N\u00b0 1 Soit le graphe suivant: 1. Identifier pour chaque courant les alternances positives et n\u00e9gatives. 2. Identifier l\u2019amplitude de chaque courant. 3. Identifier la p\u00e9riode des deux courants. 4. Calculer la fr\u00e9quence des deux courants. 5. Calculer la valeur efficace de chaque courant. 6. [&hellip;]","og_url":"https:\/\/educelec.com\/en\/signal-sinus\/","og_site_name":"Exercices et Solutions en Electricit\u00e9, Electronique, Electrotechnique et Automatisme industrielle","article_modified_time":"2025-12-26T10:40:59+00:00","og_image":[{"width":288,"height":200,"url":"https:\/\/educelec.com\/wp-content\/uploads\/2025\/12\/chap-e1766263997563.png","type":"image\/png"}],"twitter_misc":{"Est. reading time":"3 minutes"},"schema":{"@context":"https:\/\/schema.org","@graph":[{"@type":"WebPage","@id":"https:\/\/educelec.com\/signal-sinus\/","url":"https:\/\/educelec.com\/signal-sinus\/","name":"Signal sinuso\u00efdal - Exercices et Solutions en Electricit\u00e9, Electronique, Electrotechnique et Automatisme industrielle","isPartOf":{"@id":"https:\/\/educelec.com\/#website"},"primaryImageOfPage":{"@id":"https:\/\/educelec.com\/signal-sinus\/#primaryimage"},"image":{"@id":"https:\/\/educelec.com\/signal-sinus\/#primaryimage"},"thumbnailUrl":"https:\/\/educelec.com\/wp-content\/uploads\/2025\/12\/chap-300x209.png","datePublished":"2023-01-12T10:24:52+00:00","dateModified":"2025-12-26T10:40:59+00:00","inLanguage":"en-US","potentialAction":[{"@type":"ReadAction","target":["https:\/\/educelec.com\/signal-sinus\/"]}]},{"@type":"ImageObject","inLanguage":"en-US","@id":"https:\/\/educelec.com\/signal-sinus\/#primaryimage","url":"https:\/\/educelec.com\/wp-content\/uploads\/2025\/12\/chap-300x209.png","contentUrl":"https:\/\/educelec.com\/wp-content\/uploads\/2025\/12\/chap-300x209.png"},{"@type":"WebSite","@id":"https:\/\/educelec.com\/#website","url":"https:\/\/educelec.com\/","name":"Exercices et Solutions en Electricit\u00e9, Electronique, Electrotechnique et Automatisme industrielle","description":"WordPress","potentialAction":[{"@type":"SearchAction","target":{"@type":"EntryPoint","urlTemplate":"https:\/\/educelec.com\/?s={search_term_string}"},"query-input":{"@type":"PropertyValueSpecification","valueRequired":true,"valueName":"search_term_string"}}],"inLanguage":"en-US"}]}},"_links":{"self":[{"href":"https:\/\/educelec.com\/en\/wp-json\/wp\/v2\/pages\/214648","targetHints":{"allow":["GET"]}}],"collection":[{"href":"https:\/\/educelec.com\/en\/wp-json\/wp\/v2\/pages"}],"about":[{"href":"https:\/\/educelec.com\/en\/wp-json\/wp\/v2\/types\/page"}],"author":[{"embeddable":true,"href":"https:\/\/educelec.com\/en\/wp-json\/wp\/v2\/users\/1"}],"replies":[{"embeddable":true,"href":"https:\/\/educelec.com\/en\/wp-json\/wp\/v2\/comments?post=214648"}],"version-history":[{"count":10,"href":"https:\/\/educelec.com\/en\/wp-json\/wp\/v2\/pages\/214648\/revisions"}],"predecessor-version":[{"id":217075,"href":"https:\/\/educelec.com\/en\/wp-json\/wp\/v2\/pages\/214648\/revisions\/217075"}],"wp:attachment":[{"href":"https:\/\/educelec.com\/en\/wp-json\/wp\/v2\/media?parent=214648"}],"curies":[{"name":"wp","href":"https:\/\/api.w.org\/{rel}","templated":true}]}}