{"id":214668,"date":"2023-01-12T16:57:36","date_gmt":"2023-01-12T15:57:36","guid":{"rendered":"https:\/\/educelec.com\/?page_id=214668"},"modified":"2025-12-26T11:46:11","modified_gmt":"2025-12-26T10:46:11","slug":"rlc-serie-para","status":"publish","type":"page","link":"https:\/\/educelec.com\/en\/rlc-serie-para\/","title":{"rendered":"RLC S\u00e9rie et Parall\u00e8le"},"content":{"rendered":"<p>[et_pb_section fb_built=\u00a0\u00bb1&Prime; admin_label=\u00a0\u00bbsection\u00a0\u00bb _builder_version=\u00a0\u00bb4.16&Prime; global_colors_info=\u00a0\u00bb{}\u00a0\u00bb][et_pb_row _builder_version=\u00a0\u00bb4.19.1&Prime; _module_preset=\u00a0\u00bbdefault\u00a0\u00bb custom_margin=\u00a0\u00bb-50px||||false|false\u00a0\u00bb locked=\u00a0\u00bboff\u00a0\u00bb global_colors_info=\u00a0\u00bb{}\u00a0\u00bb][et_pb_column type=\u00a0\u00bb4_4&Prime; _builder_version=\u00a0\u00bb4.19.1&Prime; _module_preset=\u00a0\u00bbdefault\u00a0\u00bb global_colors_info=\u00a0\u00bb{}\u00a0\u00bb][et_pb_text _builder_version=\u00a0\u00bb4.19.1&Prime; _module_preset=\u00a0\u00bbdefault\u00a0\u00bb custom_margin=\u00a0\u00bb|||-30px|false|false\u00a0\u00bb hover_enabled=\u00a0\u00bb0&Prime; global_colors_info=\u00a0\u00bb{}\u00a0\u00bb sticky_enabled=\u00a0\u00bb0&Prime;]<\/p>\n<p><a href=\"https:\/\/educelec.com\/en\/\"><img loading=\"lazy\" decoding=\"async\" class=\"alignnone wp-image-216559\" src=\"https:\/\/educelec.com\/wp-content\/uploads\/2025\/12\/chap-300x209.png\" alt=\"\" width=\"17\" height=\"12\" \/><\/a><a href=\"https:\/\/educelec.com\/en\/\">Home &gt;<\/a> <a href=\"https:\/\/educelec.com\/en\/electricite\/\">Electricit\u00e9 &gt;<\/a> <strong>RLC S\u00e9rie et Parall\u00e8le<\/strong><\/p>\n<p>[\/et_pb_text][et_pb_text _builder_version=\u00a0\u00bb4.19.1&Prime; _module_preset=\u00a0\u00bbdefault\u00a0\u00bb text_font=\u00a0\u00bbAcme|700|||||||\u00a0\u00bb background_color=\u00a0\u00bb#88C4DD\u00a0\u00bb hover_enabled=\u00a0\u00bb0&Prime; text_text_shadow_style=\u00a0\u00bbpreset1&Prime; text_text_shadow_blur_strength=\u00a0\u00bb2em\u00a0\u00bb text_text_shadow_color=\u00a0\u00bb#0047E0&Prime; locked=\u00a0\u00bboff\u00a0\u00bb global_colors_info=\u00a0\u00bb{}\u00a0\u00bb text_font_size__hover_enabled=\u00a0\u00bbon|desktop\u00a0\u00bb sticky_enabled=\u00a0\u00bb0&Prime;]<\/p>\n<blockquote>\n<h1 style=\"text-align: center;\"><strong>Exercices corrig\u00e9s<\/strong><\/h1>\n<h3 style=\"text-align: center;\"><strong>RLC S\u00e9rie et Parall\u00e8le<\/strong><\/h3>\n<\/blockquote>\n<p>[\/et_pb_text][\/et_pb_column][\/et_pb_row][et_pb_row _builder_version=\u00a0\u00bb4.19.1&Prime; _module_preset=\u00a0\u00bbdefault\u00a0\u00bb global_colors_info=\u00a0\u00bb{}\u00a0\u00bb][et_pb_column type=\u00a0\u00bb4_4&Prime; _builder_version=\u00a0\u00bb4.19.1&Prime; _module_preset=\u00a0\u00bbdefault\u00a0\u00bb global_colors_info=\u00a0\u00bb{}\u00a0\u00bb][et_pb_text _builder_version=\u00a0\u00bb4.19.1&Prime; _module_preset=\u00a0\u00bbdefault\u00a0\u00bb background_color=\u00a0\u00bb#38D7FF\u00a0\u00bb min_height=\u00a0\u00bb40px\u00a0\u00bb height=\u00a0\u00bb40px\u00a0\u00bb custom_padding=\u00a0\u00bb7px|||18px|false|false\u00a0\u00bb border_width_all=\u00a0\u00bb2px\u00a0\u00bb global_colors_info=\u00a0\u00bb{}\u00a0\u00bb]<\/p>\n<ul>\n<li>\n<h3><strong>Exercice N\u00b0 1<\/strong><\/h3>\n<\/li>\n<\/ul>\n<p>[\/et_pb_text][\/et_pb_column][\/et_pb_row][et_pb_row _builder_version=\u00a0\u00bb4.19.1&Prime; _module_preset=\u00a0\u00bbdefault\u00a0\u00bb global_colors_info=\u00a0\u00bb{}\u00a0\u00bb][et_pb_column type=\u00a0\u00bb4_4&Prime; _builder_version=\u00a0\u00bb4.19.1&Prime; _module_preset=\u00a0\u00bbdefault\u00a0\u00bb global_colors_info=\u00a0\u00bb{}\u00a0\u00bb][et_pb_text _builder_version=\u00a0\u00bb4.19.1&Prime; _module_preset=\u00a0\u00bbdefault\u00a0\u00bb global_colors_info=\u00a0\u00bb{}\u00a0\u00bb]<\/p>\n<h4>Un circuit \u00e9lectrique comprend\u00a0: une r\u00e9sistance R = 12\u2126, une bobine d\u2019inductance L=46,8 mH et un condensateur de capacit\u00e9 1,2 mF associ\u00e9s en s\u00e9rie<\/h4>\n<h4>Le circuit est aliment\u00e9 avec un g\u00e9n\u00e9rateur de tension alternative U= 60V et F=50HZ<\/h4>\n<h4>1-\/ Calculer les r\u00e9actances des composants XL et XC\u00a0 et indiquer le caract\u00e8re du circuit . 2pts<\/h4>\n<h4>2-\/ Calculer le courant absorb\u00e9 par le circuit . 2pts<\/h4>\n<h4>3-\/ Calculer le d\u00e9phasage\u00a0 entre la tension et le courant aux bornes du circuit . 2pts<\/h4>\n<h4>4-\/ Pour le circuit R-L-C calculer la fr\u00e9quence de r\u00e9sonance . 2pts<\/h4>\n<p>[\/et_pb_text][\/et_pb_column][\/et_pb_row][et_pb_row _builder_version=\u00a0\u00bb4.19.1&Prime; _module_preset=\u00a0\u00bbdefault\u00a0\u00bb global_colors_info=\u00a0\u00bb{}\u00a0\u00bb][et_pb_column type=\u00a0\u00bb4_4&Prime; _builder_version=\u00a0\u00bb4.19.1&Prime; _module_preset=\u00a0\u00bbdefault\u00a0\u00bb global_colors_info=\u00a0\u00bb{}\u00a0\u00bb][et_pb_toggle title=\u00a0\u00bbToucher pour afficher la solution\u00a0\u00bb _builder_version=\u00a0\u00bb4.19.1&Prime; _module_preset=\u00a0\u00bbdefault\u00a0\u00bb title_font_size=\u00a0\u00bb13px\u00a0\u00bb locked=\u00a0\u00bboff\u00a0\u00bb global_colors_info=\u00a0\u00bb{}\u00a0\u00bb]<a href=\"https:\/\/educelec.com\/wp-content\/uploads\/2022\/12\/arri.png\"><img loading=\"lazy\" decoding=\"async\" class=\"wp-image-214149 alignnone size-medium\" src=\"https:\/\/educelec.com\/wp-content\/uploads\/2022\/12\/arri-300x211.png\" alt=\"\" width=\"300\" height=\"211\" \/><\/a><\/p>\n<p>&nbsp;<br \/>\n[\/et_pb_toggle][\/et_pb_column][\/et_pb_row][\/et_pb_section][et_pb_section fb_built=\u00a0\u00bb1&Prime; admin_label=\u00a0\u00bbsection\u00a0\u00bb _builder_version=\u00a0\u00bb4.19.1&Prime; custom_margin=\u00a0\u00bb-100px||||false|false\u00a0\u00bb locked=\u00a0\u00bboff\u00a0\u00bb global_colors_info=\u00a0\u00bb{}\u00a0\u00bb][et_pb_row _builder_version=\u00a0\u00bb4.19.1&Prime; _module_preset=\u00a0\u00bbdefault\u00a0\u00bb locked=\u00a0\u00bboff\u00a0\u00bb global_colors_info=\u00a0\u00bb{}\u00a0\u00bb][et_pb_column type=\u00a0\u00bb4_4&Prime; _builder_version=\u00a0\u00bb4.19.1&Prime; _module_preset=\u00a0\u00bbdefault\u00a0\u00bb global_colors_info=\u00a0\u00bb{}\u00a0\u00bb][et_pb_text _builder_version=\u00a0\u00bb4.19.1&Prime; _module_preset=\u00a0\u00bbdefault\u00a0\u00bb background_color=\u00a0\u00bb#38D7FF\u00a0\u00bb min_height=\u00a0\u00bb40px\u00a0\u00bb height=\u00a0\u00bb40px\u00a0\u00bb custom_padding=\u00a0\u00bb7px|||18px|false|false\u00a0\u00bb border_width_all=\u00a0\u00bb2px\u00a0\u00bb global_colors_info=\u00a0\u00bb{}\u00a0\u00bb]<\/p>\n<ul>\n<li>\n<h3><strong>Exercice N\u00b0 2<\/strong><\/h3>\n<\/li>\n<\/ul>\n<p>[\/et_pb_text][\/et_pb_column][\/et_pb_row][et_pb_row _builder_version=\u00a0\u00bb4.19.1&Prime; _module_preset=\u00a0\u00bbdefault\u00a0\u00bb locked=\u00a0\u00bboff\u00a0\u00bb global_colors_info=\u00a0\u00bb{}\u00a0\u00bb][et_pb_column type=\u00a0\u00bb4_4&Prime; _builder_version=\u00a0\u00bb4.19.1&Prime; _module_preset=\u00a0\u00bbdefault\u00a0\u00bb global_colors_info=\u00a0\u00bb{}\u00a0\u00bb][et_pb_text _builder_version=\u00a0\u00bb4.19.1&Prime; _module_preset=\u00a0\u00bbdefault\u00a0\u00bb global_colors_info=\u00a0\u00bb{}\u00a0\u00bb]<\/p>\n<h4>Un circuit \u00e9lectrique comprend\u00a0: une r\u00e9sistance R = 12\u2126, une bobine d\u2019inductance L=46,8 mH et un condensateur de capacit\u00e9 1,2 mF associ\u00e9s en parall\u00e8le<\/h4>\n<h4>Le circuit est aliment\u00e9 avec un g\u00e9n\u00e9rateur de tension alternative U= 60V et F=50HZ<\/h4>\n<h4>1-\/ Calculer les r\u00e9actances des composants XL et XC\u00a0 et indiquer le caract\u00e8re du circuit . 2pts<\/h4>\n<h4>2-\/ Calculer le courant absorb\u00e9 par le circuit . 2pts<\/h4>\n<h4>3-\/ Calculer le d\u00e9phasage\u00a0 entre la tension et le courant aux bornes du circuit . 2pts<\/h4>\n<h4>4-\/ Pour le circuit R-L-C calculer la fr\u00e9quence de r\u00e9sonance . 2pts<\/h4>\n<p>[\/et_pb_text][\/et_pb_column][\/et_pb_row][et_pb_row _builder_version=\u00a0\u00bb4.19.1&Prime; _module_preset=\u00a0\u00bbdefault\u00a0\u00bb locked=\u00a0\u00bboff\u00a0\u00bb global_colors_info=\u00a0\u00bb{}\u00a0\u00bb][et_pb_column type=\u00a0\u00bb4_4&Prime; _builder_version=\u00a0\u00bb4.19.1&Prime; _module_preset=\u00a0\u00bbdefault\u00a0\u00bb global_colors_info=\u00a0\u00bb{}\u00a0\u00bb][et_pb_toggle title=\u00a0\u00bbToucher pour afficher la solution\u00a0\u00bb _builder_version=\u00a0\u00bb4.19.1&Prime; _module_preset=\u00a0\u00bbdefault\u00a0\u00bb title_font_size=\u00a0\u00bb13px\u00a0\u00bb global_colors_info=\u00a0\u00bb{}\u00a0\u00bb]&nbsp;<\/p>\n<p><a href=\"https:\/\/educelec.com\/wp-content\/uploads\/2022\/12\/arri.png\"><img loading=\"lazy\" decoding=\"async\" class=\"wp-image-214149 alignnone size-medium\" src=\"https:\/\/educelec.com\/wp-content\/uploads\/2022\/12\/arri-300x211.png\" alt=\"\" width=\"300\" height=\"211\" \/><\/a><\/p>\n<p>kjsnoangownsrgqaknqreqlknrhl\u00f6wekflkj<br \/>\n[\/et_pb_toggle][\/et_pb_column][\/et_pb_row][\/et_pb_section]<\/p>","protected":false},"excerpt":{"rendered":"<p>Home &gt; Electricit\u00e9 &gt; RLC S\u00e9rie et Parall\u00e8leExercices corrig\u00e9s RLC S\u00e9rie et Parall\u00e8le Exercice N\u00b0 1 Un circuit \u00e9lectrique comprend\u00a0: une r\u00e9sistance R = 12\u2126, une bobine d\u2019inductance L=46,8 mH et un condensateur de capacit\u00e9 1,2 mF associ\u00e9s en s\u00e9rie Le circuit est aliment\u00e9 avec un g\u00e9n\u00e9rateur de tension alternative U= 60V et F=50HZ 1-\/ [&hellip;]<\/p>","protected":false},"author":1,"featured_media":0,"parent":0,"menu_order":0,"comment_status":"closed","ping_status":"closed","template":"","meta":{"_et_pb_use_builder":"on","_et_pb_old_content":"","_et_gb_content_width":"","om_disable_all_campaigns":false,"_uf_show_specific_survey":0,"_uf_disable_surveys":false,"footnotes":""},"class_list":["post-214668","page","type-page","status-publish","hentry"],"aioseo_notices":[],"yoast_head":"<!-- This site is optimized with the Yoast SEO plugin v26.6 - https:\/\/yoast.com\/wordpress\/plugins\/seo\/ -->\n<title>RLC S\u00e9rie et Parall\u00e8le - Exercices et Solutions en Electricit\u00e9, Electronique, Electrotechnique et Automatisme industrielle<\/title>\n<meta name=\"robots\" content=\"index, follow, max-snippet:-1, max-image-preview:large, max-video-preview:-1\" \/>\n<link rel=\"canonical\" href=\"https:\/\/educelec.com\/en\/rlc-serie-para\/\" \/>\n<meta property=\"og:locale\" content=\"en_US\" \/>\n<meta property=\"og:type\" content=\"article\" \/>\n<meta property=\"og:title\" content=\"RLC S\u00e9rie et Parall\u00e8le - Exercices et Solutions en Electricit\u00e9, Electronique, Electrotechnique et Automatisme industrielle\" \/>\n<meta property=\"og:description\" content=\"Home &gt; Electricit\u00e9 &gt; RLC S\u00e9rie et Parall\u00e8leExercices corrig\u00e9s RLC S\u00e9rie et Parall\u00e8le Exercice N\u00b0 1 Un circuit \u00e9lectrique comprend\u00a0: une r\u00e9sistance R = 12\u2126, une bobine d\u2019inductance L=46,8 mH et un condensateur de capacit\u00e9 1,2 mF associ\u00e9s en s\u00e9rie Le circuit est aliment\u00e9 avec un g\u00e9n\u00e9rateur de tension alternative U= 60V et F=50HZ 1-\/ [&hellip;]\" \/>\n<meta property=\"og:url\" content=\"https:\/\/educelec.com\/en\/rlc-serie-para\/\" \/>\n<meta property=\"og:site_name\" content=\"Exercices et Solutions en Electricit\u00e9, Electronique, Electrotechnique et Automatisme industrielle\" \/>\n<meta property=\"article:modified_time\" content=\"2025-12-26T10:46:11+00:00\" \/>\n<meta property=\"og:image\" content=\"https:\/\/educelec.com\/wp-content\/uploads\/2025\/12\/chap-e1766263997563.png\" \/>\n\t<meta property=\"og:image:width\" content=\"288\" \/>\n\t<meta property=\"og:image:height\" content=\"200\" \/>\n\t<meta property=\"og:image:type\" content=\"image\/png\" \/>\n<meta name=\"twitter:label1\" content=\"Est. reading time\" \/>\n\t<meta name=\"twitter:data1\" content=\"2 minutes\" \/>\n<script type=\"application\/ld+json\" class=\"yoast-schema-graph\">{\"@context\":\"https:\/\/schema.org\",\"@graph\":[{\"@type\":\"WebPage\",\"@id\":\"https:\/\/educelec.com\/rlc-serie-para\/\",\"url\":\"https:\/\/educelec.com\/rlc-serie-para\/\",\"name\":\"RLC S\u00e9rie et Parall\u00e8le - Exercices et Solutions en Electricit\u00e9, Electronique, Electrotechnique et Automatisme industrielle\",\"isPartOf\":{\"@id\":\"https:\/\/educelec.com\/#website\"},\"primaryImageOfPage\":{\"@id\":\"https:\/\/educelec.com\/rlc-serie-para\/#primaryimage\"},\"image\":{\"@id\":\"https:\/\/educelec.com\/rlc-serie-para\/#primaryimage\"},\"thumbnailUrl\":\"https:\/\/educelec.com\/wp-content\/uploads\/2025\/12\/chap-300x209.png\",\"datePublished\":\"2023-01-12T15:57:36+00:00\",\"dateModified\":\"2025-12-26T10:46:11+00:00\",\"inLanguage\":\"en-US\",\"potentialAction\":[{\"@type\":\"ReadAction\",\"target\":[\"https:\/\/educelec.com\/rlc-serie-para\/\"]}]},{\"@type\":\"ImageObject\",\"inLanguage\":\"en-US\",\"@id\":\"https:\/\/educelec.com\/rlc-serie-para\/#primaryimage\",\"url\":\"https:\/\/educelec.com\/wp-content\/uploads\/2025\/12\/chap-300x209.png\",\"contentUrl\":\"https:\/\/educelec.com\/wp-content\/uploads\/2025\/12\/chap-300x209.png\"},{\"@type\":\"WebSite\",\"@id\":\"https:\/\/educelec.com\/#website\",\"url\":\"https:\/\/educelec.com\/\",\"name\":\"Exercices et Solutions en Electricit\u00e9, Electronique, Electrotechnique et Automatisme industrielle\",\"description\":\"WordPress\",\"potentialAction\":[{\"@type\":\"SearchAction\",\"target\":{\"@type\":\"EntryPoint\",\"urlTemplate\":\"https:\/\/educelec.com\/?s={search_term_string}\"},\"query-input\":{\"@type\":\"PropertyValueSpecification\",\"valueRequired\":true,\"valueName\":\"search_term_string\"}}],\"inLanguage\":\"en-US\"}]}<\/script>\n<!-- \/ Yoast SEO plugin. -->","yoast_head_json":{"title":"RLC S\u00e9rie et Parall\u00e8le - Exercices et Solutions en Electricit\u00e9, Electronique, Electrotechnique et Automatisme industrielle","robots":{"index":"index","follow":"follow","max-snippet":"max-snippet:-1","max-image-preview":"max-image-preview:large","max-video-preview":"max-video-preview:-1"},"canonical":"https:\/\/educelec.com\/en\/rlc-serie-para\/","og_locale":"en_US","og_type":"article","og_title":"RLC S\u00e9rie et Parall\u00e8le - Exercices et Solutions en Electricit\u00e9, Electronique, Electrotechnique et Automatisme industrielle","og_description":"Home &gt; Electricit\u00e9 &gt; RLC S\u00e9rie et Parall\u00e8leExercices corrig\u00e9s RLC S\u00e9rie et Parall\u00e8le Exercice N\u00b0 1 Un circuit \u00e9lectrique comprend\u00a0: une r\u00e9sistance R = 12\u2126, une bobine d\u2019inductance L=46,8 mH et un condensateur de capacit\u00e9 1,2 mF associ\u00e9s en s\u00e9rie Le circuit est aliment\u00e9 avec un g\u00e9n\u00e9rateur de tension alternative U= 60V et F=50HZ 1-\/ [&hellip;]","og_url":"https:\/\/educelec.com\/en\/rlc-serie-para\/","og_site_name":"Exercices et Solutions en Electricit\u00e9, Electronique, Electrotechnique et Automatisme industrielle","article_modified_time":"2025-12-26T10:46:11+00:00","og_image":[{"width":288,"height":200,"url":"https:\/\/educelec.com\/wp-content\/uploads\/2025\/12\/chap-e1766263997563.png","type":"image\/png"}],"twitter_misc":{"Est. reading time":"2 minutes"},"schema":{"@context":"https:\/\/schema.org","@graph":[{"@type":"WebPage","@id":"https:\/\/educelec.com\/rlc-serie-para\/","url":"https:\/\/educelec.com\/rlc-serie-para\/","name":"RLC S\u00e9rie et Parall\u00e8le - Exercices et Solutions en Electricit\u00e9, Electronique, Electrotechnique et Automatisme industrielle","isPartOf":{"@id":"https:\/\/educelec.com\/#website"},"primaryImageOfPage":{"@id":"https:\/\/educelec.com\/rlc-serie-para\/#primaryimage"},"image":{"@id":"https:\/\/educelec.com\/rlc-serie-para\/#primaryimage"},"thumbnailUrl":"https:\/\/educelec.com\/wp-content\/uploads\/2025\/12\/chap-300x209.png","datePublished":"2023-01-12T15:57:36+00:00","dateModified":"2025-12-26T10:46:11+00:00","inLanguage":"en-US","potentialAction":[{"@type":"ReadAction","target":["https:\/\/educelec.com\/rlc-serie-para\/"]}]},{"@type":"ImageObject","inLanguage":"en-US","@id":"https:\/\/educelec.com\/rlc-serie-para\/#primaryimage","url":"https:\/\/educelec.com\/wp-content\/uploads\/2025\/12\/chap-300x209.png","contentUrl":"https:\/\/educelec.com\/wp-content\/uploads\/2025\/12\/chap-300x209.png"},{"@type":"WebSite","@id":"https:\/\/educelec.com\/#website","url":"https:\/\/educelec.com\/","name":"Exercices et Solutions en Electricit\u00e9, Electronique, Electrotechnique et Automatisme industrielle","description":"WordPress","potentialAction":[{"@type":"SearchAction","target":{"@type":"EntryPoint","urlTemplate":"https:\/\/educelec.com\/?s={search_term_string}"},"query-input":{"@type":"PropertyValueSpecification","valueRequired":true,"valueName":"search_term_string"}}],"inLanguage":"en-US"}]}},"_links":{"self":[{"href":"https:\/\/educelec.com\/en\/wp-json\/wp\/v2\/pages\/214668","targetHints":{"allow":["GET"]}}],"collection":[{"href":"https:\/\/educelec.com\/en\/wp-json\/wp\/v2\/pages"}],"about":[{"href":"https:\/\/educelec.com\/en\/wp-json\/wp\/v2\/types\/page"}],"author":[{"embeddable":true,"href":"https:\/\/educelec.com\/en\/wp-json\/wp\/v2\/users\/1"}],"replies":[{"embeddable":true,"href":"https:\/\/educelec.com\/en\/wp-json\/wp\/v2\/comments?post=214668"}],"version-history":[{"count":11,"href":"https:\/\/educelec.com\/en\/wp-json\/wp\/v2\/pages\/214668\/revisions"}],"predecessor-version":[{"id":217079,"href":"https:\/\/educelec.com\/en\/wp-json\/wp\/v2\/pages\/214668\/revisions\/217079"}],"wp:attachment":[{"href":"https:\/\/educelec.com\/en\/wp-json\/wp\/v2\/media?parent=214668"}],"curies":[{"name":"wp","href":"https:\/\/api.w.org\/{rel}","templated":true}]}}