{"id":215281,"date":"2023-11-05T20:24:05","date_gmt":"2023-11-05T19:24:05","guid":{"rendered":"https:\/\/educelec.com\/?page_id=215281"},"modified":"2026-01-09T11:08:03","modified_gmt":"2026-01-09T10:08:03","slug":"demarr-direct","status":"publish","type":"page","link":"https:\/\/educelec.com\/en\/demarr-direct\/","title":{"rendered":"Sch\u00e9ma d\u00e9marrage direct"},"content":{"rendered":"<p>[et_pb_section fb_built=\u00a0\u00bb1&Prime; admin_label=\u00a0\u00bbsection\u00a0\u00bb _builder_version=\u00a0\u00bb4.19.1&Prime; custom_margin=\u00a0\u00bb0px||||false|false\u00a0\u00bb locked=\u00a0\u00bboff\u00a0\u00bb global_colors_info=\u00a0\u00bb{}\u00a0\u00bb][et_pb_row _builder_version=\u00a0\u00bb4.19.1&Prime; _module_preset=\u00a0\u00bbdefault\u00a0\u00bb custom_margin=\u00a0\u00bb-50px||||false|false\u00a0\u00bb locked=\u00a0\u00bboff\u00a0\u00bb global_colors_info=\u00a0\u00bb{}\u00a0\u00bb][et_pb_column type=\u00a0\u00bb4_4&Prime; _builder_version=\u00a0\u00bb4.19.1&Prime; _module_preset=\u00a0\u00bbdefault\u00a0\u00bb global_colors_info=\u00a0\u00bb{}\u00a0\u00bb][et_pb_text _builder_version=\u00a0\u00bb4.19.1&Prime; _module_preset=\u00a0\u00bbdefault\u00a0\u00bb custom_margin=\u00a0\u00bb|0px||-30px|false|false\u00a0\u00bb custom_padding=\u00a0\u00bb|||0px|false|false\u00a0\u00bb hover_enabled=\u00a0\u00bb0&Prime; locked=\u00a0\u00bboff\u00a0\u00bb global_colors_info=\u00a0\u00bb{}\u00a0\u00bb sticky_enabled=\u00a0\u00bb0&Prime;]<\/p>\n<p><a href=\"https:\/\/educelec.com\/en\/\"><img loading=\"lazy\" decoding=\"async\" class=\"alignnone wp-image-216559\" src=\"https:\/\/educelec.com\/wp-content\/uploads\/2025\/12\/chap-300x209.png\" alt=\"\" width=\"17\" height=\"12\" \/><\/a><a href=\"https:\/\/educelec.com\/en\/\">Accueil<\/a><a href=\"https:\/\/educelec.com\/en\/\">\u00a0&gt;<\/a> <a href=\"https:\/\/educelec.com\/en\/schem-de-demarr\/\">D\u00e9marrages<\/a> <a href=\"https:\/\/educelec.com\/en\/schem-de-demarr\/\">&gt; <\/a><strong>D\u00e9marrages <\/strong><b>direct<\/b><\/p>\n<p>[\/et_pb_text][et_pb_text _builder_version=\u00a0\u00bb4.19.1&Prime; _module_preset=\u00a0\u00bbdefault\u00a0\u00bb text_font=\u00a0\u00bbAcme|700|||||||\u00a0\u00bb background_color=\u00a0\u00bb#88C4DD\u00a0\u00bb text_text_shadow_style=\u00a0\u00bbpreset1&Prime; text_text_shadow_blur_strength=\u00a0\u00bb2em\u00a0\u00bb text_text_shadow_color=\u00a0\u00bb#0047E0&Prime; locked=\u00a0\u00bboff\u00a0\u00bb global_colors_info=\u00a0\u00bb{}\u00a0\u00bb text_font_size__hover_enabled=\u00a0\u00bbon|desktop\u00a0\u00bb]<\/p>\n<blockquote>\n<h1 style=\"text-align: center;\"><span style=\"font-size: 26px;\"><b>Sch\u00e9mas<\/b><\/span><b>\u00a0de <\/b><span style=\"font-size: 26px;\"><b>d\u00e9marrage<\/b><\/span><b> direct des MAS<\/b><\/h1>\n<\/blockquote>\n<p>[\/et_pb_text][\/et_pb_column][\/et_pb_row][et_pb_row _builder_version=\u00a0\u00bb4.19.1&Prime; _module_preset=\u00a0\u00bbdefault\u00a0\u00bb locked=\u00a0\u00bboff\u00a0\u00bb global_colors_info=\u00a0\u00bb{}\u00a0\u00bb][et_pb_column type=\u00a0\u00bb4_4&Prime; _builder_version=\u00a0\u00bb4.19.1&Prime; _module_preset=\u00a0\u00bbdefault\u00a0\u00bb global_colors_info=\u00a0\u00bb{}\u00a0\u00bb][et_pb_text _builder_version=\u00a0\u00bb4.19.1&Prime; _module_preset=\u00a0\u00bbdefault\u00a0\u00bb global_colors_info=\u00a0\u00bb{}\u00a0\u00bb]<\/p>\n<h2><strong>\u00a0I\u00a0 <\/strong><strong><span class=\"fontstyle0\">CARACTERISTIQUE TECHNIQUE.<\/span><\/strong><\/h2>\n<p><strong><span class=\"fontstyle0\">Seuls les moteurs asynchrones triphas\u00e9s avec rotor en court-circuit ou rotor \u00e0 cage peuvent \u00eatre d\u00e9marr\u00e9s en direct.<br \/>Au d\u00e9marrage du moteur le courant de d\u00e9marrage est de l&rsquo;ordre de 4 \u00e0 8 fois le courant nominale.<br \/>Le couple au d\u00e9collage est tr\u00e8s important, il atteint environ 1,5 fois le couple nominal.<\/span><\/strong><\/p>\n<p><img loading=\"lazy\" decoding=\"async\" class=\"aligncenter wp-image-215374\" src=\"https:\/\/educelec.com\/wp-content\/uploads\/2023\/11\/demarrage-C-1024x413.png\" alt=\"\" width=\"700\" height=\"283\" \/><\/p>\n<p>&nbsp;<\/p>\n<p>[\/et_pb_text][\/et_pb_column][\/et_pb_row][et_pb_row _builder_version=\u00a0\u00bb4.19.1&Prime; _module_preset=\u00a0\u00bbdefault\u00a0\u00bb locked=\u00a0\u00bboff\u00a0\u00bb global_colors_info=\u00a0\u00bb{}\u00a0\u00bb][et_pb_column type=\u00a0\u00bb4_4&Prime; _builder_version=\u00a0\u00bb4.19.1&Prime; _module_preset=\u00a0\u00bbdefault\u00a0\u00bb global_colors_info=\u00a0\u00bb{}\u00a0\u00bb][et_pb_text _builder_version=\u00a0\u00bb4.19.1&Prime; _module_preset=\u00a0\u00bbdefault\u00a0\u00bb background_color=\u00a0\u00bb#EDF000&Prime; global_colors_info=\u00a0\u00bb{}\u00a0\u00bb]<\/p>\n<h3><strong>\u00a0A- <span class=\"fontstyle0\">D\u00e9marrage direct d&rsquo;un MAS dans un seul sens de rotation<\/span><\/strong><\/h3>\n<p>[\/et_pb_text][\/et_pb_column][\/et_pb_row][et_pb_row _builder_version=\u00a0\u00bb4.19.1&Prime; _module_preset=\u00a0\u00bbdefault\u00a0\u00bb locked=\u00a0\u00bboff\u00a0\u00bb global_colors_info=\u00a0\u00bb{}\u00a0\u00bb][et_pb_column type=\u00a0\u00bb4_4&Prime; _builder_version=\u00a0\u00bb4.19.1&Prime; _module_preset=\u00a0\u00bbdefault\u00a0\u00bb global_colors_info=\u00a0\u00bb{}\u00a0\u00bb][et_pb_text _builder_version=\u00a0\u00bb4.19.1&Prime; _module_preset=\u00a0\u00bbdefault\u00a0\u00bb global_colors_info=\u00a0\u00bb{}\u00a0\u00bb]<\/p>\n<h3><strong>\u00a0 \u00a0 \u00a0 \u00a0 A-1 Circuit de Puissance<\/strong><\/h3>\n<p>&nbsp;<\/p>\n<p><img loading=\"lazy\" decoding=\"async\" class=\"wp-image-215699 size-full aligncenter\" src=\"https:\/\/educelec.com\/wp-content\/uploads\/2023\/12\/PUISS-1S-D.png\" alt=\"\" width=\"175\" height=\"457\" srcset=\"https:\/\/educelec.com\/wp-content\/uploads\/2023\/12\/PUISS-1S-D.png 175w, https:\/\/educelec.com\/wp-content\/uploads\/2023\/12\/PUISS-1S-D-115x300.png 115w\" sizes=\"auto, (max-width: 175px) 100vw, 175px\" \/><\/p>\n<p>[\/et_pb_text][\/et_pb_column][\/et_pb_row][et_pb_row _builder_version=\u00a0\u00bb4.19.1&Prime; _module_preset=\u00a0\u00bbdefault\u00a0\u00bb locked=\u00a0\u00bboff\u00a0\u00bb global_colors_info=\u00a0\u00bb{}\u00a0\u00bb][et_pb_column type=\u00a0\u00bb4_4&Prime; _builder_version=\u00a0\u00bb4.19.1&Prime; _module_preset=\u00a0\u00bbdefault\u00a0\u00bb global_colors_info=\u00a0\u00bb{}\u00a0\u00bb][et_pb_text _builder_version=\u00a0\u00bb4.19.1&Prime; _module_preset=\u00a0\u00bbdefault\u00a0\u00bb global_colors_info=\u00a0\u00bb{}\u00a0\u00bb]<\/p>\n<h3><strong>\u00a0 \u00a0 \u00a0 \u00a0 A-2 Circuit de Commande<\/strong><\/h3>\n<h4><a href=\"https:\/\/educelec.com\/wp-content\/uploads\/2023\/12\/CMD-1S-D.png\"><img loading=\"lazy\" decoding=\"async\" class=\"wp-image-215700 size-full aligncenter\" src=\"https:\/\/educelec.com\/wp-content\/uploads\/2023\/12\/CMD-1S-D.png\" alt=\"\" width=\"553\" height=\"484\" srcset=\"https:\/\/educelec.com\/wp-content\/uploads\/2023\/12\/CMD-1S-D.png 553w, https:\/\/educelec.com\/wp-content\/uploads\/2023\/12\/CMD-1S-D-480x420.png 480w\" sizes=\"auto, (min-width: 0px) and (max-width: 480px) 480px, (min-width: 481px) 553px, 100vw\" \/><\/a><\/h4>\n<h4>Pour Voir le sch\u00e9ma complet (avec signalisation) en format PDF <a href=\"https:\/\/educelec.com\/wp-content\/uploads\/2023\/12\/Direct-1S.pdf\" target=\"_blank\" rel=\"noopener\"><strong>cliquez ici<\/strong><\/a><\/h4>\n<p>[\/et_pb_text][\/et_pb_column][\/et_pb_row][et_pb_row _builder_version=\u00a0\u00bb4.19.1&Prime; _module_preset=\u00a0\u00bbdefault\u00a0\u00bb locked=\u00a0\u00bboff\u00a0\u00bb global_colors_info=\u00a0\u00bb{}\u00a0\u00bb][et_pb_column type=\u00a0\u00bb4_4&Prime; _builder_version=\u00a0\u00bb4.19.1&Prime; _module_preset=\u00a0\u00bbdefault\u00a0\u00bb global_colors_info=\u00a0\u00bb{}\u00a0\u00bb][et_pb_text _builder_version=\u00a0\u00bb4.19.1&Prime; _module_preset=\u00a0\u00bbdefault\u00a0\u00bb background_color=\u00a0\u00bb#EDF000&Prime; global_colors_info=\u00a0\u00bb{}\u00a0\u00bb]<\/p>\n<h3><strong>\u00a0B- <span class=\"fontstyle0\">D\u00e9marrage direct d&rsquo;un MAS dans un deux sens de rotation<\/span><\/strong><\/h3>\n<p>[\/et_pb_text][\/et_pb_column][\/et_pb_row][et_pb_row _builder_version=\u00a0\u00bb4.19.1&Prime; _module_preset=\u00a0\u00bbdefault\u00a0\u00bb locked=\u00a0\u00bboff\u00a0\u00bb global_colors_info=\u00a0\u00bb{}\u00a0\u00bb][et_pb_column type=\u00a0\u00bb4_4&Prime; _builder_version=\u00a0\u00bb4.19.1&Prime; _module_preset=\u00a0\u00bbdefault\u00a0\u00bb global_colors_info=\u00a0\u00bb{}\u00a0\u00bb][et_pb_text _builder_version=\u00a0\u00bb4.19.1&Prime; _module_preset=\u00a0\u00bbdefault\u00a0\u00bb global_colors_info=\u00a0\u00bb{}\u00a0\u00bb]<\/p>\n<h3><strong>\u00a0 \u00a0 \u00a0 \u00a0 B-1 Circuit de Puissance<\/strong><\/h3>\n<p><img loading=\"lazy\" decoding=\"async\" class=\"wp-image-215701 size-full aligncenter\" src=\"https:\/\/educelec.com\/wp-content\/uploads\/2023\/12\/PUISS-2S-D.png\" alt=\"\" width=\"271\" height=\"420\" srcset=\"https:\/\/educelec.com\/wp-content\/uploads\/2023\/12\/PUISS-2S-D.png 271w, https:\/\/educelec.com\/wp-content\/uploads\/2023\/12\/PUISS-2S-D-194x300.png 194w\" sizes=\"auto, (max-width: 271px) 100vw, 271px\" \/><\/p>\n<p>[\/et_pb_text][\/et_pb_column][\/et_pb_row][et_pb_row _builder_version=\u00a0\u00bb4.19.1&Prime; _module_preset=\u00a0\u00bbdefault\u00a0\u00bb locked=\u00a0\u00bboff\u00a0\u00bb global_colors_info=\u00a0\u00bb{}\u00a0\u00bb][et_pb_column type=\u00a0\u00bb4_4&Prime; _builder_version=\u00a0\u00bb4.19.1&Prime; _module_preset=\u00a0\u00bbdefault\u00a0\u00bb global_colors_info=\u00a0\u00bb{}\u00a0\u00bb][et_pb_text _builder_version=\u00a0\u00bb4.19.1&Prime; _module_preset=\u00a0\u00bbdefault\u00a0\u00bb global_colors_info=\u00a0\u00bb{}\u00a0\u00bb]<\/p>\n<h3><strong>\u00a0 \u00a0 \u00a0 \u00a0 B-2 Circuit de Commande<\/strong><\/h3>\n<p><a href=\"https:\/\/educelec.com\/wp-content\/uploads\/2023\/12\/CMD-2S-D.png\"><img loading=\"lazy\" decoding=\"async\" class=\"wp-image-215702 size-full aligncenter\" src=\"https:\/\/educelec.com\/wp-content\/uploads\/2023\/12\/CMD-2S-D.png\" alt=\"\" width=\"663\" height=\"498\" srcset=\"https:\/\/educelec.com\/wp-content\/uploads\/2023\/12\/CMD-2S-D.png 663w, https:\/\/educelec.com\/wp-content\/uploads\/2023\/12\/CMD-2S-D-480x361.png 480w\" sizes=\"auto, (min-width: 0px) and (max-width: 480px) 480px, (min-width: 481px) 663px, 100vw\" \/><\/a><\/p>\n<h4>\u00a0<\/h4>\n<h4>\u00a0<\/h4>\n<h4>Pour Voir le sch\u00e9ma complet (avec signalisation) en format PDF <a href=\"https:\/\/educelec.com\/wp-content\/uploads\/2023\/12\/Direct-2S.pdf\" target=\"_blank\" rel=\"noopener\"><strong>cliquez ici<\/strong><\/a><\/h4>\n<p>[\/et_pb_text][\/et_pb_column][\/et_pb_row][\/et_pb_section]<\/p>","protected":false},"excerpt":{"rendered":"<p>Accueil\u00a0&gt; D\u00e9marrages &gt; D\u00e9marrages directSch\u00e9mas\u00a0de d\u00e9marrage direct des MAS \u00a0I\u00a0 CARACTERISTIQUE TECHNIQUE. Seuls les moteurs asynchrones triphas\u00e9s avec rotor en court-circuit ou rotor \u00e0 cage peuvent \u00eatre d\u00e9marr\u00e9s en direct.Au d\u00e9marrage du moteur le courant de d\u00e9marrage est de l&rsquo;ordre de 4 \u00e0 8 fois le courant nominale.Le couple au d\u00e9collage est tr\u00e8s important, il [&hellip;]<\/p>","protected":false},"author":1,"featured_media":0,"parent":0,"menu_order":0,"comment_status":"closed","ping_status":"closed","template":"","meta":{"_et_pb_use_builder":"on","_et_pb_old_content":"","_et_gb_content_width":"","om_disable_all_campaigns":false,"_uf_show_specific_survey":0,"_uf_disable_surveys":false,"footnotes":""},"class_list":["post-215281","page","type-page","status-publish","hentry"],"aioseo_notices":[],"yoast_head":"<!-- This site is optimized with the Yoast SEO plugin v26.6 - https:\/\/yoast.com\/wordpress\/plugins\/seo\/ -->\n<title>Sch\u00e9ma d\u00e9marrage direct - Exercices et Solutions en Electricit\u00e9, Electronique, Electrotechnique et Automatisme industrielle<\/title>\n<meta name=\"robots\" content=\"index, follow, max-snippet:-1, max-image-preview:large, max-video-preview:-1\" \/>\n<link rel=\"canonical\" href=\"https:\/\/educelec.com\/en\/demarr-direct\/\" \/>\n<meta property=\"og:locale\" content=\"en_US\" \/>\n<meta property=\"og:type\" content=\"article\" \/>\n<meta property=\"og:title\" content=\"Sch\u00e9ma d\u00e9marrage direct - Exercices et Solutions en Electricit\u00e9, Electronique, Electrotechnique et Automatisme industrielle\" \/>\n<meta property=\"og:description\" content=\"Accueil\u00a0&gt; D\u00e9marrages &gt; D\u00e9marrages directSch\u00e9mas\u00a0de d\u00e9marrage direct des MAS \u00a0I\u00a0 CARACTERISTIQUE TECHNIQUE. Seuls les moteurs asynchrones triphas\u00e9s avec rotor en court-circuit ou rotor \u00e0 cage peuvent \u00eatre d\u00e9marr\u00e9s en direct.Au d\u00e9marrage du moteur le courant de d\u00e9marrage est de l&#039;ordre de 4 \u00e0 8 fois le courant nominale.Le couple au d\u00e9collage est tr\u00e8s important, il [&hellip;]\" \/>\n<meta property=\"og:url\" content=\"https:\/\/educelec.com\/en\/demarr-direct\/\" \/>\n<meta property=\"og:site_name\" content=\"Exercices et Solutions en Electricit\u00e9, Electronique, Electrotechnique et Automatisme industrielle\" \/>\n<meta property=\"article:modified_time\" content=\"2026-01-09T10:08:03+00:00\" \/>\n<meta property=\"og:image\" content=\"https:\/\/educelec.com\/wp-content\/uploads\/2025\/12\/chap-e1766263997563.png\" \/>\n\t<meta property=\"og:image:width\" content=\"288\" \/>\n\t<meta property=\"og:image:height\" content=\"200\" \/>\n\t<meta property=\"og:image:type\" content=\"image\/png\" \/>\n<meta name=\"twitter:label1\" content=\"Est. reading time\" \/>\n\t<meta name=\"twitter:data1\" content=\"3 minutes\" \/>\n<script type=\"application\/ld+json\" class=\"yoast-schema-graph\">{\"@context\":\"https:\/\/schema.org\",\"@graph\":[{\"@type\":\"WebPage\",\"@id\":\"https:\/\/educelec.com\/demarr-direct\/\",\"url\":\"https:\/\/educelec.com\/demarr-direct\/\",\"name\":\"Sch\u00e9ma d\u00e9marrage direct - Exercices et Solutions en Electricit\u00e9, Electronique, Electrotechnique et Automatisme industrielle\",\"isPartOf\":{\"@id\":\"https:\/\/educelec.com\/#website\"},\"primaryImageOfPage\":{\"@id\":\"https:\/\/educelec.com\/demarr-direct\/#primaryimage\"},\"image\":{\"@id\":\"https:\/\/educelec.com\/demarr-direct\/#primaryimage\"},\"thumbnailUrl\":\"https:\/\/educelec.com\/wp-content\/uploads\/2025\/12\/chap-300x209.png\",\"datePublished\":\"2023-11-05T19:24:05+00:00\",\"dateModified\":\"2026-01-09T10:08:03+00:00\",\"inLanguage\":\"en-US\",\"potentialAction\":[{\"@type\":\"ReadAction\",\"target\":[\"https:\/\/educelec.com\/demarr-direct\/\"]}]},{\"@type\":\"ImageObject\",\"inLanguage\":\"en-US\",\"@id\":\"https:\/\/educelec.com\/demarr-direct\/#primaryimage\",\"url\":\"https:\/\/educelec.com\/wp-content\/uploads\/2025\/12\/chap-300x209.png\",\"contentUrl\":\"https:\/\/educelec.com\/wp-content\/uploads\/2025\/12\/chap-300x209.png\"},{\"@type\":\"WebSite\",\"@id\":\"https:\/\/educelec.com\/#website\",\"url\":\"https:\/\/educelec.com\/\",\"name\":\"Exercices et Solutions en Electricit\u00e9, Electronique, Electrotechnique et Automatisme industrielle\",\"description\":\"WordPress\",\"potentialAction\":[{\"@type\":\"SearchAction\",\"target\":{\"@type\":\"EntryPoint\",\"urlTemplate\":\"https:\/\/educelec.com\/?s={search_term_string}\"},\"query-input\":{\"@type\":\"PropertyValueSpecification\",\"valueRequired\":true,\"valueName\":\"search_term_string\"}}],\"inLanguage\":\"en-US\"}]}<\/script>\n<!-- \/ Yoast SEO plugin. -->","yoast_head_json":{"title":"Sch\u00e9ma d\u00e9marrage direct - Exercices et Solutions en Electricit\u00e9, Electronique, Electrotechnique et Automatisme industrielle","robots":{"index":"index","follow":"follow","max-snippet":"max-snippet:-1","max-image-preview":"max-image-preview:large","max-video-preview":"max-video-preview:-1"},"canonical":"https:\/\/educelec.com\/en\/demarr-direct\/","og_locale":"en_US","og_type":"article","og_title":"Sch\u00e9ma d\u00e9marrage direct - Exercices et Solutions en Electricit\u00e9, Electronique, Electrotechnique et Automatisme industrielle","og_description":"Accueil\u00a0&gt; D\u00e9marrages &gt; D\u00e9marrages directSch\u00e9mas\u00a0de d\u00e9marrage direct des MAS \u00a0I\u00a0 CARACTERISTIQUE TECHNIQUE. Seuls les moteurs asynchrones triphas\u00e9s avec rotor en court-circuit ou rotor \u00e0 cage peuvent \u00eatre d\u00e9marr\u00e9s en direct.Au d\u00e9marrage du moteur le courant de d\u00e9marrage est de l'ordre de 4 \u00e0 8 fois le courant nominale.Le couple au d\u00e9collage est tr\u00e8s important, il [&hellip;]","og_url":"https:\/\/educelec.com\/en\/demarr-direct\/","og_site_name":"Exercices et Solutions en Electricit\u00e9, Electronique, Electrotechnique et Automatisme industrielle","article_modified_time":"2026-01-09T10:08:03+00:00","og_image":[{"width":288,"height":200,"url":"https:\/\/educelec.com\/wp-content\/uploads\/2025\/12\/chap-e1766263997563.png","type":"image\/png"}],"twitter_misc":{"Est. reading time":"3 minutes"},"schema":{"@context":"https:\/\/schema.org","@graph":[{"@type":"WebPage","@id":"https:\/\/educelec.com\/demarr-direct\/","url":"https:\/\/educelec.com\/demarr-direct\/","name":"Sch\u00e9ma d\u00e9marrage direct - Exercices et Solutions en Electricit\u00e9, Electronique, Electrotechnique et Automatisme industrielle","isPartOf":{"@id":"https:\/\/educelec.com\/#website"},"primaryImageOfPage":{"@id":"https:\/\/educelec.com\/demarr-direct\/#primaryimage"},"image":{"@id":"https:\/\/educelec.com\/demarr-direct\/#primaryimage"},"thumbnailUrl":"https:\/\/educelec.com\/wp-content\/uploads\/2025\/12\/chap-300x209.png","datePublished":"2023-11-05T19:24:05+00:00","dateModified":"2026-01-09T10:08:03+00:00","inLanguage":"en-US","potentialAction":[{"@type":"ReadAction","target":["https:\/\/educelec.com\/demarr-direct\/"]}]},{"@type":"ImageObject","inLanguage":"en-US","@id":"https:\/\/educelec.com\/demarr-direct\/#primaryimage","url":"https:\/\/educelec.com\/wp-content\/uploads\/2025\/12\/chap-300x209.png","contentUrl":"https:\/\/educelec.com\/wp-content\/uploads\/2025\/12\/chap-300x209.png"},{"@type":"WebSite","@id":"https:\/\/educelec.com\/#website","url":"https:\/\/educelec.com\/","name":"Exercices et Solutions en Electricit\u00e9, Electronique, Electrotechnique et Automatisme industrielle","description":"WordPress","potentialAction":[{"@type":"SearchAction","target":{"@type":"EntryPoint","urlTemplate":"https:\/\/educelec.com\/?s={search_term_string}"},"query-input":{"@type":"PropertyValueSpecification","valueRequired":true,"valueName":"search_term_string"}}],"inLanguage":"en-US"}]}},"_links":{"self":[{"href":"https:\/\/educelec.com\/en\/wp-json\/wp\/v2\/pages\/215281","targetHints":{"allow":["GET"]}}],"collection":[{"href":"https:\/\/educelec.com\/en\/wp-json\/wp\/v2\/pages"}],"about":[{"href":"https:\/\/educelec.com\/en\/wp-json\/wp\/v2\/types\/page"}],"author":[{"embeddable":true,"href":"https:\/\/educelec.com\/en\/wp-json\/wp\/v2\/users\/1"}],"replies":[{"embeddable":true,"href":"https:\/\/educelec.com\/en\/wp-json\/wp\/v2\/comments?post=215281"}],"version-history":[{"count":43,"href":"https:\/\/educelec.com\/en\/wp-json\/wp\/v2\/pages\/215281\/revisions"}],"predecessor-version":[{"id":217476,"href":"https:\/\/educelec.com\/en\/wp-json\/wp\/v2\/pages\/215281\/revisions\/217476"}],"wp:attachment":[{"href":"https:\/\/educelec.com\/en\/wp-json\/wp\/v2\/media?parent=215281"}],"curies":[{"name":"wp","href":"https:\/\/api.w.org\/{rel}","templated":true}]}}