{"id":215711,"date":"2023-12-13T21:52:25","date_gmt":"2023-12-13T20:52:25","guid":{"rendered":"https:\/\/educelec.com\/?page_id=215711"},"modified":"2026-01-09T11:15:03","modified_gmt":"2026-01-09T10:15:03","slug":"dem-char-n02","status":"publish","type":"page","link":"https:\/\/educelec.com\/en\/dem-char-n02\/","title":{"rendered":"Cahier des charges d\u00e9marrage 2"},"content":{"rendered":"<p>[et_pb_section fb_built=\u00a0\u00bb1&Prime; admin_label=\u00a0\u00bbsection\u00a0\u00bb _builder_version=\u00a0\u00bb4.19.1&Prime; custom_margin=\u00a0\u00bb0px||||false|false\u00a0\u00bb locked=\u00a0\u00bboff\u00a0\u00bb global_colors_info=\u00a0\u00bb{}\u00a0\u00bb][et_pb_row _builder_version=\u00a0\u00bb4.19.1&Prime; _module_preset=\u00a0\u00bbdefault\u00a0\u00bb custom_margin=\u00a0\u00bb-50px||||false|false\u00a0\u00bb locked=\u00a0\u00bboff\u00a0\u00bb global_colors_info=\u00a0\u00bb{}\u00a0\u00bb][et_pb_column type=\u00a0\u00bb4_4&Prime; _builder_version=\u00a0\u00bb4.19.1&Prime; _module_preset=\u00a0\u00bbdefault\u00a0\u00bb global_colors_info=\u00a0\u00bb{}\u00a0\u00bb][et_pb_text _builder_version=\u00a0\u00bb4.19.1&Prime; _module_preset=\u00a0\u00bbdefault\u00a0\u00bb custom_margin=\u00a0\u00bb|0px||-30px|false|false\u00a0\u00bb custom_padding=\u00a0\u00bb|||0px|false|false\u00a0\u00bb hover_enabled=\u00a0\u00bb0&Prime; locked=\u00a0\u00bboff\u00a0\u00bb global_colors_info=\u00a0\u00bb{}\u00a0\u00bb sticky_enabled=\u00a0\u00bb0&Prime;]<\/p>\n<p><a href=\"https:\/\/educelec.com\/en\/\"><img loading=\"lazy\" decoding=\"async\" class=\"alignnone wp-image-216559\" src=\"https:\/\/educelec.com\/wp-content\/uploads\/2025\/12\/chap-300x209.png\" alt=\"\" width=\"17\" height=\"12\" \/><\/a><a href=\"https:\/\/educelec.com\/en\/\">Accueil<\/a><a href=\"https:\/\/educelec.com\/en\/\">\u00a0&gt;<\/a> <a href=\"https:\/\/educelec.com\/en\/schem-de-demarr\/\">D\u00e9marrages<\/a> <a href=\"https:\/\/educelec.com\/en\/schem-de-demarr\/\">&gt; <\/a><b>Cahier des charges N<strong class=\"Yjhzub\">\u00b02<\/strong><\/b><\/p>\n<p>[\/et_pb_text][et_pb_text _builder_version=\u00a0\u00bb4.19.1&Prime; _module_preset=\u00a0\u00bbdefault\u00a0\u00bb text_font=\u00a0\u00bbAcme|700|||||||\u00a0\u00bb background_color=\u00a0\u00bb#88C4DD\u00a0\u00bb text_text_shadow_style=\u00a0\u00bbpreset1&Prime; text_text_shadow_blur_strength=\u00a0\u00bb2em\u00a0\u00bb text_text_shadow_color=\u00a0\u00bb#0047E0&Prime; locked=\u00a0\u00bboff\u00a0\u00bb global_colors_info=\u00a0\u00bb{}\u00a0\u00bb text_font_size__hover_enabled=\u00a0\u00bbon|desktop\u00a0\u00bb]<\/p>\n<blockquote>\n<h1 style=\"text-align: center;\"><span style=\"font-size: 26px;\"><b>Cahier des charges N<\/b><\/span><strong>\u00b02<\/strong><\/h1>\n<h3 style=\"text-align: center;\"><b>D<\/b><span style=\"font-size: 26px;\"><b>\u00e9marrages deux moteurs<\/b><\/span><b>\u00a0<\/b><\/h3>\n<\/blockquote>\n<p>[\/et_pb_text][\/et_pb_column][\/et_pb_row][et_pb_row _builder_version=\u00a0\u00bb4.19.1&Prime; _module_preset=\u00a0\u00bbdefault\u00a0\u00bb locked=\u00a0\u00bboff\u00a0\u00bb global_colors_info=\u00a0\u00bb{}\u00a0\u00bb][et_pb_column type=\u00a0\u00bb4_4&Prime; _builder_version=\u00a0\u00bb4.19.1&Prime; _module_preset=\u00a0\u00bbdefault\u00a0\u00bb global_colors_info=\u00a0\u00bb{}\u00a0\u00bb][et_pb_text admin_label=\u00a0\u00bbTexte\u00a0\u00bb _builder_version=\u00a0\u00bb4.19.1&Prime; _module_preset=\u00a0\u00bbdefault\u00a0\u00bb global_colors_info=\u00a0\u00bb{}\u00a0\u00bb]<\/p>\n<p>Une installation \u00e9lectrique est constitu\u00e9e de deux moteurs asynchrones triphas\u00e9s :<\/p>\n<p>&#8211; M1 d\u00e9marrage Direct.<\/p>\n<p>&#8211; M2 d\u00e9marrage Statorique 3 temps.<\/p>\n<p>&#8211; Deux capteurs de position Fc1 et Fc2<\/p>\n<p>-Trois lampes de signalisation<\/p>\n<p>-H1: marche de l&rsquo;installation, H2: Arr\u00eat et H3 : d\u00e9faut.<\/p>\n<p>Pour d\u00e9marrer le cycle de fonctionnement, l&rsquo;op\u00e9rateur doit appuyer sur le bouton poussoir &lsquo;m&rsquo; et le fonctionnement du syst\u00e8me se d\u00e9roule comme suit:<\/p>\n<p><img loading=\"lazy\" decoding=\"async\" class=\"wp-image-215747 size-full aligncenter\" src=\"https:\/\/educelec.com\/wp-content\/uploads\/2023\/12\/ca-cha-2.png\" alt=\"\" width=\"481\" height=\"196\" srcset=\"https:\/\/educelec.com\/wp-content\/uploads\/2023\/12\/ca-cha-2.png 481w, https:\/\/educelec.com\/wp-content\/uploads\/2023\/12\/ca-cha-2-300x122.png 300w\" sizes=\"auto, (max-width: 481px) 100vw, 481px\" \/><\/p>\n<p><u>Travail a faire :<\/u><\/p>\n<p>&#8211; le sch\u00e9ma de puissance<\/p>\n<p>&#8211; le sch\u00e9ma de commande<\/p>\n<p>&#8211; le sch\u00e9ma de signalisation<\/p>\n<p>[\/et_pb_text][et_pb_text _builder_version=\u00a0\u00bb4.19.1&Prime; _module_preset=\u00a0\u00bbdefault\u00a0\u00bb locked=\u00a0\u00bboff\u00a0\u00bb global_colors_info=\u00a0\u00bb{}\u00a0\u00bb]<\/p>\n<h4>\u00a0<\/h4>\n<h4>Pour voir la solution complet (avec signalisation) en format PDF <a href=\"https:\/\/educelec.com\/wp-content\/uploads\/2024\/02\/Cahier-des-charges-02_F.pdf\" target=\"_blank\" rel=\"noopener\"><strong>cliquez ici<\/strong><\/a><\/h4>\n<p>[\/et_pb_text][\/et_pb_column][\/et_pb_row][\/et_pb_section]<\/p>","protected":false},"excerpt":{"rendered":"<p>Accueil\u00a0&gt; D\u00e9marrages &gt; Cahier des charges N\u00b02Cahier des charges N\u00b02 D\u00e9marrages deux moteurs\u00a0 Une installation \u00e9lectrique est constitu\u00e9e de deux moteurs asynchrones triphas\u00e9s : &#8211; M1 d\u00e9marrage Direct. &#8211; M2 d\u00e9marrage Statorique 3 temps. &#8211; Deux capteurs de position Fc1 et Fc2 -Trois lampes de signalisation -H1: marche de l&rsquo;installation, H2: Arr\u00eat et H3 : [&hellip;]<\/p>","protected":false},"author":1,"featured_media":0,"parent":0,"menu_order":0,"comment_status":"closed","ping_status":"closed","template":"","meta":{"_et_pb_use_builder":"on","_et_pb_old_content":"","_et_gb_content_width":"","om_disable_all_campaigns":false,"_uf_show_specific_survey":0,"_uf_disable_surveys":false,"footnotes":""},"class_list":["post-215711","page","type-page","status-publish","hentry"],"aioseo_notices":[],"yoast_head":"<!-- This site is optimized with the Yoast SEO plugin v26.6 - https:\/\/yoast.com\/wordpress\/plugins\/seo\/ -->\n<title>Cahier des charges d\u00e9marrage 2 - Exercices et Solutions en Electricit\u00e9, Electronique, Electrotechnique et Automatisme industrielle<\/title>\n<meta name=\"robots\" content=\"index, follow, max-snippet:-1, max-image-preview:large, max-video-preview:-1\" \/>\n<link rel=\"canonical\" href=\"https:\/\/educelec.com\/en\/dem-char-n02\/\" \/>\n<meta property=\"og:locale\" content=\"en_US\" \/>\n<meta property=\"og:type\" content=\"article\" \/>\n<meta property=\"og:title\" content=\"Cahier des charges d\u00e9marrage 2 - Exercices et Solutions en Electricit\u00e9, Electronique, Electrotechnique et Automatisme industrielle\" \/>\n<meta property=\"og:description\" content=\"Accueil\u00a0&gt; D\u00e9marrages &gt; Cahier des charges N\u00b02Cahier des charges N\u00b02 D\u00e9marrages deux moteurs\u00a0 Une installation \u00e9lectrique est constitu\u00e9e de deux moteurs asynchrones triphas\u00e9s : - M1 d\u00e9marrage Direct. - M2 d\u00e9marrage Statorique 3 temps. - Deux capteurs de position Fc1 et Fc2 -Trois lampes de signalisation -H1: marche de l&#039;installation, H2: Arr\u00eat et H3 : [&hellip;]\" \/>\n<meta property=\"og:url\" content=\"https:\/\/educelec.com\/en\/dem-char-n02\/\" \/>\n<meta property=\"og:site_name\" content=\"Exercices et Solutions en Electricit\u00e9, Electronique, Electrotechnique et Automatisme industrielle\" \/>\n<meta property=\"article:modified_time\" content=\"2026-01-09T10:15:03+00:00\" \/>\n<meta property=\"og:image\" content=\"https:\/\/educelec.com\/wp-content\/uploads\/2025\/12\/chap-e1766263997563.png\" \/>\n\t<meta property=\"og:image:width\" content=\"288\" \/>\n\t<meta property=\"og:image:height\" content=\"200\" \/>\n\t<meta property=\"og:image:type\" content=\"image\/png\" \/>\n<meta name=\"twitter:label1\" content=\"Est. reading time\" \/>\n\t<meta name=\"twitter:data1\" content=\"2 minutes\" \/>\n<script type=\"application\/ld+json\" class=\"yoast-schema-graph\">{\"@context\":\"https:\/\/schema.org\",\"@graph\":[{\"@type\":\"WebPage\",\"@id\":\"https:\/\/educelec.com\/dem-char-n02\/\",\"url\":\"https:\/\/educelec.com\/dem-char-n02\/\",\"name\":\"Cahier des charges d\u00e9marrage 2 - Exercices et Solutions en Electricit\u00e9, Electronique, Electrotechnique et Automatisme industrielle\",\"isPartOf\":{\"@id\":\"https:\/\/educelec.com\/#website\"},\"primaryImageOfPage\":{\"@id\":\"https:\/\/educelec.com\/dem-char-n02\/#primaryimage\"},\"image\":{\"@id\":\"https:\/\/educelec.com\/dem-char-n02\/#primaryimage\"},\"thumbnailUrl\":\"https:\/\/educelec.com\/wp-content\/uploads\/2025\/12\/chap-300x209.png\",\"datePublished\":\"2023-12-13T20:52:25+00:00\",\"dateModified\":\"2026-01-09T10:15:03+00:00\",\"inLanguage\":\"en-US\",\"potentialAction\":[{\"@type\":\"ReadAction\",\"target\":[\"https:\/\/educelec.com\/dem-char-n02\/\"]}]},{\"@type\":\"ImageObject\",\"inLanguage\":\"en-US\",\"@id\":\"https:\/\/educelec.com\/dem-char-n02\/#primaryimage\",\"url\":\"https:\/\/educelec.com\/wp-content\/uploads\/2025\/12\/chap-300x209.png\",\"contentUrl\":\"https:\/\/educelec.com\/wp-content\/uploads\/2025\/12\/chap-300x209.png\"},{\"@type\":\"WebSite\",\"@id\":\"https:\/\/educelec.com\/#website\",\"url\":\"https:\/\/educelec.com\/\",\"name\":\"Exercices et Solutions en Electricit\u00e9, Electronique, Electrotechnique et Automatisme industrielle\",\"description\":\"WordPress\",\"potentialAction\":[{\"@type\":\"SearchAction\",\"target\":{\"@type\":\"EntryPoint\",\"urlTemplate\":\"https:\/\/educelec.com\/?s={search_term_string}\"},\"query-input\":{\"@type\":\"PropertyValueSpecification\",\"valueRequired\":true,\"valueName\":\"search_term_string\"}}],\"inLanguage\":\"en-US\"}]}<\/script>\n<!-- \/ Yoast SEO plugin. -->","yoast_head_json":{"title":"Cahier des charges d\u00e9marrage 2 - Exercices et Solutions en Electricit\u00e9, Electronique, Electrotechnique et Automatisme industrielle","robots":{"index":"index","follow":"follow","max-snippet":"max-snippet:-1","max-image-preview":"max-image-preview:large","max-video-preview":"max-video-preview:-1"},"canonical":"https:\/\/educelec.com\/en\/dem-char-n02\/","og_locale":"en_US","og_type":"article","og_title":"Cahier des charges d\u00e9marrage 2 - Exercices et Solutions en Electricit\u00e9, Electronique, Electrotechnique et Automatisme industrielle","og_description":"Accueil\u00a0&gt; D\u00e9marrages &gt; Cahier des charges N\u00b02Cahier des charges N\u00b02 D\u00e9marrages deux moteurs\u00a0 Une installation \u00e9lectrique est constitu\u00e9e de deux moteurs asynchrones triphas\u00e9s : - M1 d\u00e9marrage Direct. - M2 d\u00e9marrage Statorique 3 temps. - Deux capteurs de position Fc1 et Fc2 -Trois lampes de signalisation -H1: marche de l'installation, H2: Arr\u00eat et H3 : [&hellip;]","og_url":"https:\/\/educelec.com\/en\/dem-char-n02\/","og_site_name":"Exercices et Solutions en Electricit\u00e9, Electronique, Electrotechnique et Automatisme industrielle","article_modified_time":"2026-01-09T10:15:03+00:00","og_image":[{"width":288,"height":200,"url":"https:\/\/educelec.com\/wp-content\/uploads\/2025\/12\/chap-e1766263997563.png","type":"image\/png"}],"twitter_misc":{"Est. reading time":"2 minutes"},"schema":{"@context":"https:\/\/schema.org","@graph":[{"@type":"WebPage","@id":"https:\/\/educelec.com\/dem-char-n02\/","url":"https:\/\/educelec.com\/dem-char-n02\/","name":"Cahier des charges d\u00e9marrage 2 - Exercices et Solutions en Electricit\u00e9, Electronique, Electrotechnique et Automatisme industrielle","isPartOf":{"@id":"https:\/\/educelec.com\/#website"},"primaryImageOfPage":{"@id":"https:\/\/educelec.com\/dem-char-n02\/#primaryimage"},"image":{"@id":"https:\/\/educelec.com\/dem-char-n02\/#primaryimage"},"thumbnailUrl":"https:\/\/educelec.com\/wp-content\/uploads\/2025\/12\/chap-300x209.png","datePublished":"2023-12-13T20:52:25+00:00","dateModified":"2026-01-09T10:15:03+00:00","inLanguage":"en-US","potentialAction":[{"@type":"ReadAction","target":["https:\/\/educelec.com\/dem-char-n02\/"]}]},{"@type":"ImageObject","inLanguage":"en-US","@id":"https:\/\/educelec.com\/dem-char-n02\/#primaryimage","url":"https:\/\/educelec.com\/wp-content\/uploads\/2025\/12\/chap-300x209.png","contentUrl":"https:\/\/educelec.com\/wp-content\/uploads\/2025\/12\/chap-300x209.png"},{"@type":"WebSite","@id":"https:\/\/educelec.com\/#website","url":"https:\/\/educelec.com\/","name":"Exercices et Solutions en Electricit\u00e9, Electronique, Electrotechnique et Automatisme industrielle","description":"WordPress","potentialAction":[{"@type":"SearchAction","target":{"@type":"EntryPoint","urlTemplate":"https:\/\/educelec.com\/?s={search_term_string}"},"query-input":{"@type":"PropertyValueSpecification","valueRequired":true,"valueName":"search_term_string"}}],"inLanguage":"en-US"}]}},"_links":{"self":[{"href":"https:\/\/educelec.com\/en\/wp-json\/wp\/v2\/pages\/215711","targetHints":{"allow":["GET"]}}],"collection":[{"href":"https:\/\/educelec.com\/en\/wp-json\/wp\/v2\/pages"}],"about":[{"href":"https:\/\/educelec.com\/en\/wp-json\/wp\/v2\/types\/page"}],"author":[{"embeddable":true,"href":"https:\/\/educelec.com\/en\/wp-json\/wp\/v2\/users\/1"}],"replies":[{"embeddable":true,"href":"https:\/\/educelec.com\/en\/wp-json\/wp\/v2\/comments?post=215711"}],"version-history":[{"count":10,"href":"https:\/\/educelec.com\/en\/wp-json\/wp\/v2\/pages\/215711\/revisions"}],"predecessor-version":[{"id":217491,"href":"https:\/\/educelec.com\/en\/wp-json\/wp\/v2\/pages\/215711\/revisions\/217491"}],"wp:attachment":[{"href":"https:\/\/educelec.com\/en\/wp-json\/wp\/v2\/media?parent=215711"}],"curies":[{"name":"wp","href":"https:\/\/api.w.org\/{rel}","templated":true}]}}